{"id":1085,"date":"2025-03-11T00:14:42","date_gmt":"2025-03-11T00:14:42","guid":{"rendered":"https:\/\/lgbt.fo\/?post_type=product&#038;p=1085"},"modified":"2026-02-15T02:11:02","modified_gmt":"2026-02-15T02:11:02","slug":"plakat-kaerleiki-fyri-oll-lgbt-foroyar-10-ar","status":"publish","type":"product","link":"https:\/\/lgbt.fo\/en\/product\/plakat-kaerleiki-fyri-oll-lgbt-foroyar-10-ar\/","title":{"rendered":"Plakat &#8211; K\u00e6rleiki fyri \u00f8ll LGBT F\u00f8royar 10 \u00e1r"},"content":{"rendered":"<p>Vit eru sera fegin um, at Hei\u00f0rikur \u00e1 Heygum, listama\u00f0ur, hevur gj\u00f8rt okkum eina fram\u00far plaka til 10 \u00e1ra dagin, sum \u00f3gviliga greitt l\u00fdsir, hvat ta\u00f0 sn\u00fdr seg um.<\/p>","protected":false},"excerpt":{"rendered":"<p>Myndaramma fylgir ikki vi\u00f0.<\/p>\n<p>50x70cm<\/p>","protected":false},"featured_media":1086,"template":"","meta":{"_crdt_document":"","_uag_custom_page_level_css":"","site-sidebar-layout":"default","site-content-layout":"","ast-site-content-layout":"default","site-content-style":"default","site-sidebar-style":"default","ast-global-header-display":"","ast-banner-title-visibility":"","ast-main-header-display":"","ast-hfb-above-header-display":"","ast-hfb-below-header-display":"","ast-hfb-mobile-header-display":"","site-post-title":"","ast-breadcrumbs-content":"","ast-featured-img":"","footer-sml-layout":"","ast-disable-related-posts":"","theme-transparent-header-meta":"default","adv-header-id-meta":"","stick-header-meta":"","header-above-stick-meta":"","header-main-stick-meta":"","header-below-stick-meta":"","astra-migrate-meta-layouts":"set","ast-page-background-enabled":"default","ast-page-background-meta":{"desktop":{"background-color":"var(--ast-global-color-5)","background-image":"","background-repeat":"repeat","background-position":"center center","background-size":"auto","background-attachment":"scroll","background-type":"","background-media":"","overlay-type":"","overlay-color":"","overlay-opacity":"","overlay-gradient":""},"tablet":{"background-color":"","background-image":"","background-repeat":"repeat","background-position":"center center","background-size":"auto","background-attachment":"scroll","background-type":"","background-media":"","overlay-type":"","overlay-color":"","overlay-opacity":"","overlay-gradient":""},"mobile":{"background-color":"","background-image":"","background-repeat":"repeat","background-position":"center center","background-size":"auto","background-attachment":"scroll","background-type":"","background-media":"","overlay-type":"","overlay-color":"","overlay-opacity":"","overlay-gradient":""}},"ast-content-background-meta":{"desktop":{"background-color":"var(--ast-global-color-4)","background-image":"","background-repeat":"repeat","background-position":"center center","background-size":"auto","background-attachment":"scroll","background-type":"","background-media":"","overlay-type":"","overlay-color":"","overlay-opacity":"","overlay-gradient":""},"tablet":{"background-color":"var(--ast-global-color-4)","background-image":"","background-repeat":"repeat","background-position":"center center","background-size":"auto","background-attachment":"scroll","background-type":"","background-media":"","overlay-type":"","overlay-color":"","overlay-opacity":"","overlay-gradient":""},"mobile":{"background-color":"var(--ast-global-color-4)","background-image":"","background-repeat":"repeat","background-position":"center center","background-size":"auto","background-attachment":"scroll","background-type":"","background-media":"","overlay-type":"","overlay-color":"","overlay-opacity":"","overlay-gradient":""}},"advanced_seo_description":"","jetpack_seo_html_title":"","jetpack_seo_noindex":false,"jetpack_publicize_message":"","jetpack_publicize_feature_enabled":true,"jetpack_social_post_already_shared":true,"jetpack_social_options":{"image_generator_settings":{"template":"highway","default_image_id":0,"font":"","enabled":false},"version":2},"_wpas_customize_per_network":false},"product_brand":[],"product_cat":[77613935,77613937],"product_tag":[],"class_list":{"0":"post-1085","1":"product","2":"type-product","3":"status-publish","4":"has-post-thumbnail","6":"product_cat-list","7":"product_cat-plakat","8":"desktop-align-left","9":"tablet-align-left","10":"mobile-align-left","12":"first","13":"instock","14":"purchasable","15":"product-type-simple"},"jetpack_publicize_connections":[],"uagb_featured_image_src":{"full":["https:\/\/i0.wp.com\/lgbt.fo\/wp-content\/uploads\/2025\/03\/Plakat-kaerleiki-fyri-oll.jpg?fit=1053%2C1500&ssl=1",1053,1500,false],"thumbnail":["https:\/\/i0.wp.com\/lgbt.fo\/wp-content\/uploads\/2025\/03\/Plakat-kaerleiki-fyri-oll.jpg?resize=150%2C150&ssl=1",150,150,true],"medium":["https:\/\/i0.wp.com\/lgbt.fo\/wp-content\/uploads\/2025\/03\/Plakat-kaerleiki-fyri-oll.jpg?fit=211%2C300&ssl=1",211,300,true],"medium_large":["https:\/\/i0.wp.com\/lgbt.fo\/wp-content\/uploads\/2025\/03\/Plakat-kaerleiki-fyri-oll.jpg?fit=768%2C1094&ssl=1",768,1094,true],"large":["https:\/\/i0.wp.com\/lgbt.fo\/wp-content\/uploads\/2025\/03\/Plakat-kaerleiki-fyri-oll.jpg?fit=719%2C1024&ssl=1",719,1024,true],"1536x1536":["https:\/\/i0.wp.com\/lgbt.fo\/wp-content\/uploads\/2025\/03\/Plakat-kaerleiki-fyri-oll.jpg?fit=1053%2C1500&ssl=1",1053,1500,true],"2048x2048":["https:\/\/i0.wp.com\/lgbt.fo\/wp-content\/uploads\/2025\/03\/Plakat-kaerleiki-fyri-oll.jpg?fit=1053%2C1500&ssl=1",1053,1500,true],"trp-custom-language-flag":["https:\/\/i0.wp.com\/lgbt.fo\/wp-content\/uploads\/2025\/03\/Plakat-kaerleiki-fyri-oll.jpg?fit=8%2C12&ssl=1",8,12,true],"newspack-article-block-landscape-large":["https:\/\/i0.wp.com\/lgbt.fo\/wp-content\/uploads\/2025\/03\/Plakat-kaerleiki-fyri-oll.jpg?resize=1053%2C900&ssl=1",1053,900,true],"newspack-article-block-portrait-large":["https:\/\/i0.wp.com\/lgbt.fo\/wp-content\/uploads\/2025\/03\/Plakat-kaerleiki-fyri-oll.jpg?resize=900%2C1200&ssl=1",900,1200,true],"newspack-article-block-square-large":["https:\/\/i0.wp.com\/lgbt.fo\/wp-content\/uploads\/2025\/03\/Plakat-kaerleiki-fyri-oll.jpg?resize=1053%2C1200&ssl=1",1053,1200,true],"newspack-article-block-landscape-medium":["https:\/\/i0.wp.com\/lgbt.fo\/wp-content\/uploads\/2025\/03\/Plakat-kaerleiki-fyri-oll.jpg?resize=800%2C600&ssl=1",800,600,true],"newspack-article-block-portrait-medium":["https:\/\/i0.wp.com\/lgbt.fo\/wp-content\/uploads\/2025\/03\/Plakat-kaerleiki-fyri-oll.jpg?resize=600%2C800&ssl=1",600,800,true],"newspack-article-block-square-medium":["https:\/\/i0.wp.com\/lgbt.fo\/wp-content\/uploads\/2025\/03\/Plakat-kaerleiki-fyri-oll.jpg?resize=800%2C800&ssl=1",800,800,true],"newspack-article-block-landscape-intermediate":["https:\/\/i0.wp.com\/lgbt.fo\/wp-content\/uploads\/2025\/03\/Plakat-kaerleiki-fyri-oll.jpg?resize=600%2C450&ssl=1",600,450,true],"newspack-article-block-portrait-intermediate":["https:\/\/i0.wp.com\/lgbt.fo\/wp-content\/uploads\/2025\/03\/Plakat-kaerleiki-fyri-oll.jpg?resize=450%2C600&ssl=1",450,600,true],"newspack-article-block-square-intermediate":["https:\/\/i0.wp.com\/lgbt.fo\/wp-content\/uploads\/2025\/03\/Plakat-kaerleiki-fyri-oll.jpg?resize=600%2C600&ssl=1",600,600,true],"newspack-article-block-landscape-small":["https:\/\/i0.wp.com\/lgbt.fo\/wp-content\/uploads\/2025\/03\/Plakat-kaerleiki-fyri-oll.jpg?resize=400%2C300&ssl=1",400,300,true],"newspack-article-block-portrait-small":["https:\/\/i0.wp.com\/lgbt.fo\/wp-content\/uploads\/2025\/03\/Plakat-kaerleiki-fyri-oll.jpg?resize=300%2C400&ssl=1",300,400,true],"newspack-article-block-square-small":["https:\/\/i0.wp.com\/lgbt.fo\/wp-content\/uploads\/2025\/03\/Plakat-kaerleiki-fyri-oll.jpg?resize=400%2C400&ssl=1",400,400,true],"newspack-article-block-landscape-tiny":["https:\/\/i0.wp.com\/lgbt.fo\/wp-content\/uploads\/2025\/03\/Plakat-kaerleiki-fyri-oll.jpg?resize=200%2C150&ssl=1",200,150,true],"newspack-article-block-portrait-tiny":["https:\/\/i0.wp.com\/lgbt.fo\/wp-content\/uploads\/2025\/03\/Plakat-kaerleiki-fyri-oll.jpg?resize=150%2C200&ssl=1",150,200,true],"newspack-article-block-square-tiny":["https:\/\/i0.wp.com\/lgbt.fo\/wp-content\/uploads\/2025\/03\/Plakat-kaerleiki-fyri-oll.jpg?resize=200%2C200&ssl=1",200,200,true],"newspack-article-block-uncropped":["https:\/\/i0.wp.com\/lgbt.fo\/wp-content\/uploads\/2025\/03\/Plakat-kaerleiki-fyri-oll.jpg?fit=1053%2C1500&ssl=1",1053,1500,true],"mailpoet_newsletter_max":["https:\/\/i0.wp.com\/lgbt.fo\/wp-content\/uploads\/2025\/03\/Plakat-kaerleiki-fyri-oll.jpg?fit=1053%2C1500&ssl=1",1053,1500,true],"woocommerce_thumbnail":["https:\/\/i0.wp.com\/lgbt.fo\/wp-content\/uploads\/2025\/03\/Plakat-kaerleiki-fyri-oll.jpg?resize=300%2C300&ssl=1",300,300,true],"woocommerce_single":["https:\/\/i0.wp.com\/lgbt.fo\/wp-content\/uploads\/2025\/03\/Plakat-kaerleiki-fyri-oll.jpg?fit=600%2C855&ssl=1",600,855,true],"woocommerce_gallery_thumbnail":["https:\/\/i0.wp.com\/lgbt.fo\/wp-content\/uploads\/2025\/03\/Plakat-kaerleiki-fyri-oll.jpg?resize=100%2C100&ssl=1",100,100,true]},"uagb_author_info":{"display_name":"unijoh","author_link":"https:\/\/lgbt.fo\/en\/author\/"},"uagb_comment_info":0,"uagb_excerpt":"Myndaramma fylgir ikki vi\u00f0. 50x70cm","jetpack_sharing_enabled":true,"_links":{"self":[{"href":"https:\/\/lgbt.fo\/en\/wp-json\/wp\/v2\/product\/1085","targetHints":{"allow":["GET"]}}],"collection":[{"href":"https:\/\/lgbt.fo\/en\/wp-json\/wp\/v2\/product"}],"about":[{"href":"https:\/\/lgbt.fo\/en\/wp-json\/wp\/v2\/types\/product"}],"wp:featuredmedia":[{"embeddable":true,"href":"https:\/\/lgbt.fo\/en\/wp-json\/wp\/v2\/media\/1086"}],"wp:attachment":[{"href":"https:\/\/lgbt.fo\/en\/wp-json\/wp\/v2\/media?parent=1085"}],"wp:term":[{"taxonomy":"product_brand","embeddable":true,"href":"https:\/\/lgbt.fo\/en\/wp-json\/wp\/v2\/product_brand?post=1085"},{"taxonomy":"product_cat","embeddable":true,"href":"https:\/\/lgbt.fo\/en\/wp-json\/wp\/v2\/product_cat?post=1085"},{"taxonomy":"product_tag","embeddable":true,"href":"https:\/\/lgbt.fo\/en\/wp-json\/wp\/v2\/product_tag?post=1085"}],"curies":[{"name":"wp","href":"https:\/\/api.w.org\/{rel}","templated":true}]}}