{"id":291,"date":"2025-03-09T23:02:11","date_gmt":"2025-03-09T23:02:11","guid":{"rendered":"https:\/\/www.lgbt.fo\/r\u00f3lant-samuelsen-s\u00e1li"},"modified":"2025-06-09T02:14:46","modified_gmt":"2025-06-09T01:14:46","slug":"rolant-samuelsen-sali","status":"publish","type":"page","link":"https:\/\/lgbt.fo\/en\/rolant-samuelsen-sali\/","title":{"rendered":"R\u00f3lant Samuelsen, s\u00e1li"},"content":{"rendered":"<div class=\"wp-block-uagb-container uagb-block-74ce2802 alignfull uagb-is-root-container\"><div class=\"uagb-container-inner-blocks-wrap\">\n<div class=\"wp-block-uagb-container uagb-block-0d177f5d\">\n<div class=\"wp-block-uagb-image uagb-block-a0c9c564 wp-block-uagb-image--layout-default wp-block-uagb-image--effect-static wp-block-uagb-image--align-none\"><figure class=\"wp-block-uagb-image__figure\"><a class=\"\" href=\"https:\/\/lgbt.fo\/wp-content\/uploads\/2025\/06\/eb9805_418df959853549b5bc33c8453e9437c5mv2.avif\" target=\"\" rel=\"noopener\"><img decoding=\"async\" srcset=\"https:\/\/lgbt.fo\/wp-content\/uploads\/2025\/06\/eb9805_418df959853549b5bc33c8453e9437c5mv2.avif ,https:\/\/lgbt.fo\/wp-content\/uploads\/2025\/06\/eb9805_418df959853549b5bc33c8453e9437c5mv2.avif 780w, https:\/\/lgbt.fo\/wp-content\/uploads\/2025\/06\/eb9805_418df959853549b5bc33c8453e9437c5mv2.avif 360w\" sizes=\"auto, (max-width: 480px) 150px\" src=\"https:\/\/lgbt.fo\/wp-content\/uploads\/2025\/06\/eb9805_418df959853549b5bc33c8453e9437c5mv2.avif\" alt=\"\" class=\"uag-image-2699\" width=\"516\" height=\"341\" title=\"Rolant\" loading=\"lazy\" role=\"img\"\/><\/a><\/figure><\/div>\n<\/div>\n\n\n\n<div class=\"wp-block-uagb-container uagb-block-3aad6740\">\n<blockquote class=\"wp-block-quote is-layout-flow wp-block-quote-is-layout-flow\">\n<p class=\"wp-block-paragraph\">Eg eri eisini vanligt kirkjuf\u00f3lk og tr\u00fagvandi. Hann, Harrin, hevur eisini skapt meg.<\/p>\n\n\n\n<p class=\"wp-block-paragraph\">R\u00f3lant Samuelsen, s\u00e1li (1975)<\/p>\n<\/blockquote>\n<\/div>\n<\/div><\/div>\n\n\n\n<div class=\"wp-block-uagb-container uagb-block-4a648464 alignfull uagb-is-root-container\"><div class=\"uagb-container-inner-blocks-wrap\">\n<div class=\"wp-block-uagb-container uagb-block-74b3aadf\">\n<p class=\"wp-block-paragraph\">R\u00f3lant Samuelsen var\u00f0 f\u00f8ddur \u00ed 1942, og byrja\u00f0i \u00ed 1962 egna fris\u00f8rsalong \u00e1 Kongabr\u00fanni til b\u00e6\u00f0i menn og kvinnur.<\/p>\n\n\n\n<p class=\"wp-block-paragraph\">Salong R\u00f3lant var\u00f0 sera v\u00e6lumt\u00f3kt og fekk n\u00f3gv vitjandi.<\/p>\n\n\n\n<p class=\"wp-block-paragraph\">R\u00f3lant gavst \u00ed 1972 og f\u00f3r til Danmarkar \u00ed \u00fatb\u00fagvingar\u00f8rindum. Heimafturkomin helt hann fram sum fris\u00f8r \u00ed Tr\u00f3ndarg\u00f8tu.<\/p>\n\n\n\n<p class=\"wp-block-paragraph\">Umframt at vera opin um s\u00edn kynsliga samleika, b\u00fa\u00f0i hann n\u00f3gv \u00e1r saman vi\u00f0 sjeikinum Benny.<\/p>\n\n\n\n<p class=\"wp-block-paragraph\">T\u00e1 i\u00f0 teir b\u00e1\u00f0ir gj\u00f8rdust varugir vi\u00f0, at teir h\u00f8vdu fingi\u00f0 HIV, fluttu teir aftur til Danmarkar \u00ed 1989, har teir skr\u00e1settu seg \u00ed parlagi, \u00e1\u00f0renn R\u00f3lant doy\u00f0i av AIDS \u00ed 1992.<\/p>\n\n\n\n<p class=\"wp-block-paragraph\">R\u00f3lant Samuelsen gj\u00f8rdist 50 \u00e1ra gamal.<\/p>\n<\/div>\n\n\n\n<div class=\"wp-block-uagb-container uagb-block-4565a261\">\n<div class=\"wp-block-uagb-image uagb-block-480539f5 wp-block-uagb-image--layout-default wp-block-uagb-image--effect-static wp-block-uagb-image--align-none\"><figure class=\"wp-block-uagb-image__figure\"><a class=\"\" href=\"https:\/\/lgbt.fo\/wp-content\/uploads\/2025\/06\/eb9805_24b4d5c9dc8f4840a26c82e3eacffa4bmv2.avif\" target=\"\" rel=\"noopener\"><img decoding=\"async\" srcset=\"https:\/\/lgbt.fo\/wp-content\/uploads\/2025\/06\/eb9805_24b4d5c9dc8f4840a26c82e3eacffa4bmv2.avif ,https:\/\/lgbt.fo\/wp-content\/uploads\/2025\/06\/eb9805_24b4d5c9dc8f4840a26c82e3eacffa4bmv2.avif 780w, https:\/\/lgbt.fo\/wp-content\/uploads\/2025\/06\/eb9805_24b4d5c9dc8f4840a26c82e3eacffa4bmv2.avif 360w\" sizes=\"auto, (max-width: 480px) 150px\" src=\"https:\/\/lgbt.fo\/wp-content\/uploads\/2025\/06\/eb9805_24b4d5c9dc8f4840a26c82e3eacffa4bmv2.avif\" alt=\"\" class=\"uag-image-2701\" width=\"516\" height=\"341\" title=\"eb9805_24b4d5c9dc8f4840a26c82e3eacffa4b~mv2\" loading=\"lazy\" role=\"img\"\/><\/a><\/figure><\/div>\n\n\n\n<div class=\"wp-block-uagb-image uagb-block-03e0658a wp-block-uagb-image--layout-default wp-block-uagb-image--effect-static wp-block-uagb-image--align-none\"><figure class=\"wp-block-uagb-image__figure\"><a class=\"\" href=\"https:\/\/lgbt.fo\/wp-content\/uploads\/2025\/06\/eb9805_24b4d5c9dc8f4840a26c82e3eacffa4bmv2.avif\" target=\"\" rel=\"noopener\"><img decoding=\"async\" srcset=\"https:\/\/lgbt.fo\/wp-content\/uploads\/2025\/06\/eb9805_24b4d5c9dc8f4840a26c82e3eacffa4bmv2.avif ,https:\/\/lgbt.fo\/wp-content\/uploads\/2025\/06\/eb9805_24b4d5c9dc8f4840a26c82e3eacffa4bmv2.avif 780w, https:\/\/lgbt.fo\/wp-content\/uploads\/2025\/06\/eb9805_24b4d5c9dc8f4840a26c82e3eacffa4bmv2.avif 360w\" sizes=\"auto, (max-width: 480px) 150px\" src=\"https:\/\/lgbt.fo\/wp-content\/uploads\/2025\/06\/eb9805_24b4d5c9dc8f4840a26c82e3eacffa4bmv2.avif\" alt=\"\" class=\"uag-image-2701\" width=\"516\" height=\"341\" title=\"eb9805_24b4d5c9dc8f4840a26c82e3eacffa4b~mv2\" loading=\"lazy\" role=\"img\"\/><\/a><\/figure><\/div>\n<\/div>\n<\/div><\/div>\n\n\n\n<div class=\"wp-block-uagb-container uagb-block-b086c75f alignfull uagb-is-root-container\"><div class=\"uagb-container-inner-blocks-wrap\">\n<div class=\"wp-block-uagb-container uagb-block-2fd18ca9\">\n<div class=\"wp-block-uagb-image uagb-block-c1d65f82 wp-block-uagb-image--layout-default wp-block-uagb-image--effect-static wp-block-uagb-image--align-none\"><figure class=\"wp-block-uagb-image__figure\"><a class=\"\" href=\"https:\/\/lgbt.fo\/wp-content\/uploads\/2025\/06\/eb9805_f8f7ed31177e4bd3996c2d623a46b508mv2.avif\" target=\"\" rel=\"noopener\"><img decoding=\"async\" srcset=\"https:\/\/lgbt.fo\/wp-content\/uploads\/2025\/06\/eb9805_f8f7ed31177e4bd3996c2d623a46b508mv2.avif ,https:\/\/lgbt.fo\/wp-content\/uploads\/2025\/06\/eb9805_f8f7ed31177e4bd3996c2d623a46b508mv2.avif 780w, https:\/\/lgbt.fo\/wp-content\/uploads\/2025\/06\/eb9805_f8f7ed31177e4bd3996c2d623a46b508mv2.avif 360w\" sizes=\"auto, (max-width: 480px) 150px\" src=\"https:\/\/lgbt.fo\/wp-content\/uploads\/2025\/06\/eb9805_f8f7ed31177e4bd3996c2d623a46b508mv2.avif\" alt=\"\" class=\"uag-image-2707\" width=\"430\" height=\"621\" title=\"eb9805_f8f7ed31177e4bd3996c2d623a46b508~mv2\" loading=\"lazy\" role=\"img\"\/><\/a><\/figure><\/div>\n<\/div>\n\n\n\n<div class=\"wp-block-uagb-container uagb-block-1191c070\">\n<p class=\"wp-block-paragraph\">Longu \u00ed 1975 er hann djarvur nokk til at \u00fattala seg um at vera samkyndur \u00ed F\u00f8royum.<\/p>\n\n\n\n<p class=\"wp-block-paragraph\">Hetta ger hann \u00ed \u00fatisetabla\u00f0num Oyggjaskeggja.<\/p>\n\n\n\n<p class=\"wp-block-paragraph\">Hann \u00fattala\u00f0i seg m.a. solei\u00f0is \u00ed Oyggjaskeggja: \u201cEg eri eisini vanligt kirkjuf\u00f3lk og tr\u00fagvandi. Hann, Harrin, hevur eisini skapt meg.\u201d<\/p>\n\n\n\n<p class=\"wp-block-paragraph\">R\u00f3lant seg\u00f0i eisini fr\u00e1 teimum monnum, sum \u00ed n\u00e1ttarmyrkrinum banka\u00f0u \u00e1 hansara dyr, \u00f8rkymla\u00f0ir og r\u00e1\u00f0aleysir, t\u00ed teir h\u00f8vdu ongan at tosa vi\u00f0 um teirra samkyndleika.<\/p>\n\n\n\n<p class=\"wp-block-paragraph\">Menn, sum dagliga livdu eitt \u00bbvanligt\u00ab l\u00edv vi\u00f0 konu og b\u00f8rnum, men sum aldri h\u00f8vdu kent seg v\u00e6l.<\/p>\n<\/div>\n<\/div><\/div>\n\n\n\n<div class=\"wp-block-columns is-layout-flex wp-container-core-columns-is-layout-7387b849 wp-block-columns-is-layout-flex\">\n<div class=\"wp-block-column is-layout-flow wp-block-column-is-layout-flow\">\n<p class=\"wp-block-paragraph\">R\u00f3lant Samuelsen, s\u00e1li, sum umframt at vera fastur kundi \u00ed Joto, eisini var dugnaligur fris\u00f8rur, smink\u00f8rur og stylistur \u00ed Havn, starva\u00f0ist eitt t\u00ed\u00f0arskei\u00f0 \u00ed handlinum.<\/p>\n\n\n\n<p class=\"wp-block-paragraph\">\u200b<\/p>\n\n\n\n<p class=\"wp-block-paragraph\">\u2013 Eg minnist, at R\u00f3lant var fyrsti kundin, sum kom inn og keypti eitt heilt Arabia stell, sum var eitt tungt, br\u00fant keramikk stell, sum veruliga undirstrika\u00f0i tr\u00fdssaratrendin.<\/p>\n\n\n\n<p class=\"wp-block-paragraph\">\u200b<\/p>\n\n\n\n<p class=\"wp-block-paragraph\">\u2013 T\u00e1 v\u00f3ru f\u00f3lk n\u00f3gv meira tolin enn tey eru \u00ed dag, t\u00ed har gekk R\u00f3lant \u00ed ni\u00f0urringa\u00f0um flesablusum, platausk\u00f3m, rey\u00f0um lakkbuksum og eygnaskuggum, sigur Tordis, og Hanna sigur v\u00ed\u00f0ari:<\/p>\n\n\n\n<p class=\"wp-block-paragraph\">\u200b<\/p>\n\n\n\n<p class=\"wp-block-paragraph\">\u2013 \u00d3ans\u00e6\u00f0 hvat hann m\u00e6lti kundunum til, so lurta\u00f0u t\u00e6r eftir honum. Eitt n\u00fa kundi hann finna upp\u00e1 at siga \u201dnei, veitst t\u00fa hvat, hasa lebastiftina skuldi t\u00fa altso tiki\u00f0 og skift \u00fat, t\u00ed her er ein, sum stendur n\u00f3gv betur til t\u00edna h\u00fa\u00f0\u201d, og so keypti daman eina n\u00fdggja lebastift.<\/p>\n\n\n\n<p class=\"wp-block-paragraph\">Og t\u00e6r elska\u00f0u ta\u00f0, at hann fetera\u00f0i t\u00e6r og kom vi\u00f0 g\u00f3\u00f0um r\u00e1\u00f0um.<\/p>\n<\/div>\n\n\n\n<div class=\"wp-block-column is-layout-flow wp-block-column-is-layout-flow\">\n<div class=\"wp-block-uagb-image uagb-block-6045d971 wp-block-uagb-image--layout-default wp-block-uagb-image--effect-static wp-block-uagb-image--align-none\"><figure class=\"wp-block-uagb-image__figure\"><a class=\"\" href=\"https:\/\/lgbt.fo\/wp-content\/uploads\/2025\/06\/eb9805_bb63c775d4a64d0682337a822d7fbed0mv2.avif\" target=\"\" rel=\"noopener\"><img decoding=\"async\" srcset=\"https:\/\/lgbt.fo\/wp-content\/uploads\/2025\/06\/eb9805_bb63c775d4a64d0682337a822d7fbed0mv2.avif ,https:\/\/lgbt.fo\/wp-content\/uploads\/2025\/06\/eb9805_bb63c775d4a64d0682337a822d7fbed0mv2.avif 780w, https:\/\/lgbt.fo\/wp-content\/uploads\/2025\/06\/eb9805_bb63c775d4a64d0682337a822d7fbed0mv2.avif 360w\" sizes=\"auto, (max-width: 480px) 150px\" src=\"https:\/\/lgbt.fo\/wp-content\/uploads\/2025\/06\/eb9805_bb63c775d4a64d0682337a822d7fbed0mv2.avif\" alt=\"\" class=\"uag-image-2710\" width=\"430\" height=\"289\" title=\"eb9805_bb63c775d4a64d0682337a822d7fbed0~mv2\" loading=\"lazy\" role=\"img\"\/><\/a><\/figure><\/div>\n\n\n\n<div class=\"wp-block-uagb-image uagb-block-cbbc0e56 wp-block-uagb-image--layout-default wp-block-uagb-image--effect-static wp-block-uagb-image--align-none\"><figure class=\"wp-block-uagb-image__figure\"><a class=\"\" href=\"https:\/\/lgbt.fo\/wp-content\/uploads\/2025\/06\/eb9805_bb63c775d4a64d0682337a822d7fbed0mv2.avif\" target=\"\" rel=\"noopener\"><img decoding=\"async\" srcset=\"https:\/\/lgbt.fo\/wp-content\/uploads\/2025\/06\/eb9805_bb63c775d4a64d0682337a822d7fbed0mv2.avif ,https:\/\/lgbt.fo\/wp-content\/uploads\/2025\/06\/eb9805_bb63c775d4a64d0682337a822d7fbed0mv2.avif 780w, https:\/\/lgbt.fo\/wp-content\/uploads\/2025\/06\/eb9805_bb63c775d4a64d0682337a822d7fbed0mv2.avif 360w\" sizes=\"auto, (max-width: 480px) 150px\" src=\"https:\/\/lgbt.fo\/wp-content\/uploads\/2025\/06\/eb9805_bb63c775d4a64d0682337a822d7fbed0mv2.avif\" alt=\"\" class=\"uag-image-2710\" width=\"430\" height=\"289\" title=\"eb9805_bb63c775d4a64d0682337a822d7fbed0~mv2\" loading=\"lazy\" role=\"img\"\/><\/a><\/figure><\/div>\n<\/div>\n<\/div>\n\n\n\n<div class=\"wp-block-uagb-container uagb-block-87627565 alignfull uagb-is-root-container\"><div class=\"uagb-container-inner-blocks-wrap\">\n<div class=\"wp-block-uagb-container uagb-block-cadbfb0f\">\n<div class=\"wp-block-uagb-image uagb-block-e2a7bfa0 wp-block-uagb-image--layout-default wp-block-uagb-image--effect-static wp-block-uagb-image--align-none\"><figure class=\"wp-block-uagb-image__figure\"><a class=\"\" href=\"https:\/\/lgbt.fo\/wp-content\/uploads\/2025\/06\/eb9805_942ca448a3f64824aa937727f0e1a76cmv2.avif\" target=\"\" rel=\"noopener\"><img decoding=\"async\" srcset=\"https:\/\/lgbt.fo\/wp-content\/uploads\/2025\/06\/eb9805_942ca448a3f64824aa937727f0e1a76cmv2.avif ,https:\/\/lgbt.fo\/wp-content\/uploads\/2025\/06\/eb9805_942ca448a3f64824aa937727f0e1a76cmv2.avif 780w, https:\/\/lgbt.fo\/wp-content\/uploads\/2025\/06\/eb9805_942ca448a3f64824aa937727f0e1a76cmv2.avif 360w\" sizes=\"auto, (max-width: 480px) 150px\" src=\"https:\/\/lgbt.fo\/wp-content\/uploads\/2025\/06\/eb9805_942ca448a3f64824aa937727f0e1a76cmv2.avif\" alt=\"\" class=\"uag-image-2713\" width=\"906\" height=\"564\" title=\"eb9805_942ca448a3f64824aa937727f0e1a76c~mv2\" loading=\"lazy\" role=\"img\"\/><\/a><\/figure><\/div>\n<\/div>\n\n\n\n<div class=\"wp-block-uagb-container uagb-block-09966ef7\">\n<p class=\"wp-block-paragraph\">R\u00f3lant Samuelsen er uttan iva ein av st\u00f8rstu hetjuni, i\u00f0 f\u00f8roysk samkynd hava.<\/p>\n\n\n\n<p class=\"wp-block-paragraph\">Hann gekk fremst har eingin anna\u00f0 tordi, og sl\u00f3\u00f0a\u00f0i vegin fyri onnur f\u00f8roysk samkynd, i\u00f0 s\u00ed\u00f0ani hava valt at liva eitt opi\u00f0 l\u00edv.<\/p>\n\n\n\n<p class=\"wp-block-paragraph\">Samstundis v\u00edsti hann f\u00f8royingum, at samkynd eru vanlig f\u00f3lk, i\u00f0 ein ikki noyddist at r\u00e6\u00f0ast, og sum hava ein h\u00f3p av g\u00f3\u00f0um eginleikum, i\u00f0 kunnu koma samfelagnum til g\u00f3\u00f0ar.<\/p>\n\n\n\n<p class=\"wp-block-paragraph\">Vit l\u00fdsa fri\u00f0 yvir minni\u00f0 eftir R\u00f3lant Samuelsen \u2013 ein av okkara st\u00f8rstu LGBT hetjum!<\/p>\n\n\n\n<div class=\"wp-block-uagb-advanced-heading uagb-block-d50437cc\"><h3 class=\"uagb-heading-text\">Hv\u00edl \u00ed fri\u00f0i, R\u00f3lant<\/h3><\/div>\n<\/div>\n<\/div><\/div>","protected":false},"excerpt":{"rendered":"<p>Eg eri eisini vanligt kirkjuf\u00f3lk og tr\u00fagvandi. Hann, Harrin, hevur eisini skapt meg. R\u00f3lant Samuelsen, s\u00e1li (1975) R\u00f3lant Samuelsen var\u00f0 [&hellip;]<\/p>\n","protected":false},"author":182137770,"featured_media":0,"parent":0,"menu_order":0,"comment_status":"closed","ping_status":"closed","template":"","meta":{"_crdt_document":"","_uag_custom_page_level_css":"","site-sidebar-layout":"default","site-content-layout":"","ast-site-content-layout":"default","site-content-style":"default","site-sidebar-style":"default","ast-global-header-display":"","ast-banner-title-visibility":"","ast-main-header-display":"","ast-hfb-above-header-display":"","ast-hfb-below-header-display":"","ast-hfb-mobile-header-display":"","site-post-title":"","ast-breadcrumbs-content":"","ast-featured-img":"","footer-sml-layout":"","ast-disable-related-posts":"","theme-transparent-header-meta":"","adv-header-id-meta":"","stick-header-meta":"","header-above-stick-meta":"","header-main-stick-meta":"","header-below-stick-meta":"","astra-migrate-meta-layouts":"default","ast-page-background-enabled":"default","ast-page-background-meta":{"desktop":{"background-color":"var(--ast-global-color-5)","background-image":"","background-repeat":"repeat","background-position":"center center","background-size":"auto","background-attachment":"scroll","background-type":"","background-media":"","overlay-type":"","overlay-color":"","overlay-opacity":"","overlay-gradient":""},"tablet":{"background-color":"","background-image":"","background-repeat":"repeat","background-position":"center center","background-size":"auto","background-attachment":"scroll","background-type":"","background-media":"","overlay-type":"","overlay-color":"","overlay-opacity":"","overlay-gradient":""},"mobile":{"background-color":"","background-image":"","background-repeat":"repeat","background-position":"center center","background-size":"auto","background-attachment":"scroll","background-type":"","background-media":"","overlay-type":"","overlay-color":"","overlay-opacity":"","overlay-gradient":""}},"ast-content-background-meta":{"desktop":{"background-color":"var(--ast-global-color-4)","background-image":"","background-repeat":"repeat","background-position":"center center","background-size":"auto","background-attachment":"scroll","background-type":"","background-media":"","overlay-type":"","overlay-color":"","overlay-opacity":"","overlay-gradient":""},"tablet":{"background-color":"var(--ast-global-color-4)","background-image":"","background-repeat":"repeat","background-position":"center center","background-size":"auto","background-attachment":"scroll","background-type":"","background-media":"","overlay-type":"","overlay-color":"","overlay-opacity":"","overlay-gradient":""},"mobile":{"background-color":"var(--ast-global-color-4)","background-image":"","background-repeat":"repeat","background-position":"center center","background-size":"auto","background-attachment":"scroll","background-type":"","background-media":"","overlay-type":"","overlay-color":"","overlay-opacity":"","overlay-gradient":""}},"advanced_seo_description":"","jetpack_seo_html_title":"","jetpack_seo_noindex":false,"footnotes":""},"class_list":["post-291","page","type-page","status-publish","hentry"],"uagb_featured_image_src":{"full":false,"thumbnail":false,"medium":false,"medium_large":false,"large":false,"1536x1536":false,"2048x2048":false,"trp-custom-language-flag":false,"newspack-article-block-landscape-large":false,"newspack-article-block-portrait-large":false,"newspack-article-block-square-large":false,"newspack-article-block-landscape-medium":false,"newspack-article-block-portrait-medium":false,"newspack-article-block-square-medium":false,"newspack-article-block-landscape-intermediate":false,"newspack-article-block-portrait-intermediate":false,"newspack-article-block-square-intermediate":false,"newspack-article-block-landscape-small":false,"newspack-article-block-portrait-small":false,"newspack-article-block-square-small":false,"newspack-article-block-landscape-tiny":false,"newspack-article-block-portrait-tiny":false,"newspack-article-block-square-tiny":false,"newspack-article-block-uncropped":false,"mailpoet_newsletter_max":false,"woocommerce_thumbnail":false,"woocommerce_single":false,"woocommerce_gallery_thumbnail":false},"uagb_author_info":{"display_name":"unijoh","author_link":"https:\/\/lgbt.fo\/en\/author\/unijoh\/"},"uagb_comment_info":0,"uagb_excerpt":"Eg eri eisini vanligt kirkjuf\u00f3lk og tr\u00fagvandi. Hann, Harrin, hevur eisini skapt meg. R\u00f3lant Samuelsen, s\u00e1li (1975) R\u00f3lant Samuelsen var\u00f0 [&hellip;]","jetpack_sharing_enabled":true,"jetpack_shortlink":"https:\/\/wp.me\/Pgp3sg-4H","_links":{"self":[{"href":"https:\/\/lgbt.fo\/en\/wp-json\/wp\/v2\/pages\/291","targetHints":{"allow":["GET"]}}],"collection":[{"href":"https:\/\/lgbt.fo\/en\/wp-json\/wp\/v2\/pages"}],"about":[{"href":"https:\/\/lgbt.fo\/en\/wp-json\/wp\/v2\/types\/page"}],"author":[{"embeddable":true,"href":"https:\/\/lgbt.fo\/en\/wp-json\/wp\/v2\/users\/182137770"}],"replies":[{"embeddable":true,"href":"https:\/\/lgbt.fo\/en\/wp-json\/wp\/v2\/comments?post=291"}],"version-history":[{"count":13,"href":"https:\/\/lgbt.fo\/en\/wp-json\/wp\/v2\/pages\/291\/revisions"}],"predecessor-version":[{"id":2715,"href":"https:\/\/lgbt.fo\/en\/wp-json\/wp\/v2\/pages\/291\/revisions\/2715"}],"wp:attachment":[{"href":"https:\/\/lgbt.fo\/en\/wp-json\/wp\/v2\/media?parent=291"}],"curies":[{"name":"wp","href":"https:\/\/api.w.org\/{rel}","templated":true}]}}