{"id":1576,"date":"2020-08-26T16:08:22","date_gmt":"2020-08-26T15:08:22","guid":{"rendered":"https:\/\/lgbt.fo\/ordalisti-2\/"},"modified":"2025-06-09T01:31:50","modified_gmt":"2025-06-09T00:31:50","slug":"ordalisti-2","status":"publish","type":"page","link":"https:\/\/lgbt.fo\/en\/ordalisti-2\/","title":{"rendered":"Or\u00f0alisti"},"content":{"rendered":"<figure class=\"wp-block-image size-large is-style-default\"><img decoding=\"async\" src=\"https:\/\/i0.wp.com\/lgbtfo.wpcomstaging.com\/wp-content\/uploads\/2020\/08\/ordbok.jpg?fit=1024%2C683&amp;ssl=1\" alt=\"\" class=\"wp-image-3283\"\/><figcaption class=\"wp-element-caption\">Or\u00f0alisti yvir ymisk or\u00f0 og hugt\u00f8k, i\u00f0 hava vi\u00f0 LGBT+ r\u00f8rsluna at gera<\/figcaption><\/figure>\n\n\n\n<p class=\"wp-block-paragraph\"><strong>Aseksuell\/ur (en.: asexual)<\/strong><\/p>\n\n\n\n<p class=\"wp-block-paragraph\">Ta\u00f0, ikki at hava kropsligan hug \u00e1 n\u00f8krum.<\/p>\n\n\n\n<p class=\"wp-block-paragraph\"><\/p>\n\n\n\n<p class=\"wp-block-paragraph\"><strong>Draggdrotning ella draggkongur (en.: drag queen, drag king)<\/strong><\/p>\n\n\n\n<p class=\"wp-block-paragraph\">Ein ma\u00f0ur ella kona, sum vi\u00f0hv\u00f8rt og til serligt h\u00f8vi, lata seg \u00ed kl\u00e6\u00f0ir hj\u00e1 t\u00ed m\u00f3tsatta kyninum fyri at undirhalda ella flyta s\u00edni m\u00f8rk ella m\u00f8rkini hj\u00e1 \u00f8\u00f0rum um kyn og  \u00edmyndina av kynunum. <\/p>\n\n\n\n<p class=\"wp-block-paragraph\">Talan er ofta um hermandi og yvirdrivin kl\u00e6\u00f0ir, m\u00e1l og hugbur\u00f0. Ein draggdrotning ella kongur n\u00fdtist hv\u00f8rki at vera samkynd\/ur ella tv\u00f8rkynd\/ur, men kann vera ta\u00f0. <\/p>\n\n\n\n<p class=\"wp-block-paragraph\"><strong>Hinskynd\/ur (en.: heterosexual, straight) <\/strong><\/p>\n\n\n\n<p class=\"wp-block-paragraph\">Tey, i\u00f0 hava hug \u00e1 onkrum vi\u00f0 \u00f8\u00f0rum kyni enn t\u00ed, tey sj\u00e1lvi hava, eru hinskynd. T.d. ein kona, sum hevur hug \u00e1 einum manni.<\/p>\n\n\n\n<p class=\"wp-block-paragraph\"><strong>Heteronormativitetur (en.: heteronormativity)<\/strong><\/p>\n\n\n\n<p class=\"wp-block-paragraph\">Tann ofta \u00f3tilvita\u00f0a \u00e1sko\u00f0anin, at ta\u00f0 einasta r\u00e6tta og normala er at forelska seg \u00ed og liva saman vi\u00f0 einum pers\u00f3ni av t\u00ed \u00f8vugta kyninum. At ein eigur at fylgja \u00e1settu si\u00f0bundnu sosialu reglunum um hvat er mannsligt og kvinnuligt, og at alt anna\u00f0 er \u00f3normalt. <\/p>\n\n\n\n<p class=\"wp-block-paragraph\"><strong>Kross\u00e1virkan (en.: intersectionality)<\/strong><\/p>\n\n\n\n<p class=\"wp-block-paragraph\">Eitt or\u00f0, sum kann n\u00fdtast at l\u00fdsa ta\u00f0, at \u00f8ll hava fleiri ymiskar samleikar samstundis, og ta\u00f0 at f\u00f3lk eru fyri mismuni ella hava fram\u00edhj\u00e1r\u00e6ttindi vegna ein ella fleiri av hesum samleikunum. Ofta eru f\u00f3lk fyri mismuni \u00e1 einum \u00f8ki vegna ein samleika tey hava, men hava fram\u00edhj\u00e1r\u00e6ttindi \u00e1 \u00f8\u00f0rum \u00f8kjum vegna ein annan samleika. <\/p>\n\n\n\n<p class=\"wp-block-paragraph\"><strong>Kvir\/ur (en.: genderqueer)<\/strong><\/p>\n\n\n\n<p class=\"wp-block-paragraph\">Ta\u00f0 er ymiskt, hvussu f\u00f3lk br\u00faka or\u00f0i\u00f0 kvir ella kvirur. Men stutt kann sigast, at f\u00f3lk kalla seg kvir, um ein ikki dugir ella ynskir at fella \u00ed nakran b\u00f3lk, hv\u00f8rki vi\u00f0v\u00edkjandi kynssamleika ella kynsligari sannf\u00f8ring. Ofta ein, i\u00f0 vi\u00f0urkennir, at b\u00e6\u00f0i hesi fella \u00e1 eitt spektrum.<\/p>\n\n\n\n<p class=\"wp-block-paragraph\"><strong>Kyn (en.: sex)<\/strong><\/p>\n\n\n\n<p class=\"wp-block-paragraph\">L\u00edvfr\u00f8\u00f0iligt kyn.<\/p>\n\n\n\n<p class=\"wp-block-paragraph\"><strong>Kynsfatan (en.: gender)<\/strong><\/p>\n\n\n\n<p class=\"wp-block-paragraph\">Fatanin av, hvussu kallkyn og kvennkyn s\u00edggja \u00fat ella bera seg at.<\/p>\n\n\n\n<p class=\"wp-block-paragraph\"><strong>Kynslig sannf\u00f8ring (en.: sexual orientation)<\/strong><\/p>\n\n\n\n<p class=\"wp-block-paragraph\">Kynslig sannf\u00f8ring sipar til hvat kyn t\u00fa hevur hug \u00e1 ella ert kynsliga drigin til.<\/p>\n\n\n\n<p class=\"wp-block-paragraph\"><strong>Kynssamleiki (en.: gender identity)<\/strong><\/p>\n\n\n\n<p class=\"wp-block-paragraph\">Tann kynsfatanin mann hevur av s\u00e6r sj\u00e1lvari ella s\u00e6r sj\u00e1lvum.<\/p>\n\n\n\n<p class=\"wp-block-paragraph\"><strong>Kynsskifti (en.: transition, sex change)<\/strong><\/p>\n\n\n\n<p class=\"wp-block-paragraph\">Ta\u00f0 at ein broytir s\u00edtt kropsliga ella l\u00edvsfr\u00f8\u00f0iliga kyn, so ta\u00f0 svarar til ta kynsfatan, ein hevur av s\u00e6r sj\u00e1lvum ella s\u00e6r sj\u00e1lvari. Ta\u00f0 kann t.d. vera vi\u00f0 at taka serligan heiliv\u00e1g ella vi\u00f0 skur\u00f0vi\u00f0ger\u00f0.<\/p>\n\n\n\n<p class=\"wp-block-paragraph\"><strong>LGBTari (en.: LGBT person)<\/strong><\/p>\n\n\n\n<p class=\"wp-block-paragraph\">Ein altj\u00f3\u00f0a stytting, i\u00f0 l\u00fdsir pers\u00f3nar, i\u00f0 hava eina a\u00f0ra kynsliga sannf\u00f8ring enn t\u00ed hinskyndu ella hava ein kynssamleika, sum ikki er vi\u00f0kyn. Er ein stytting fyri &#8220;lesbian, gay, bisexual, transgender&#8221;. Fyribrigdi\u00f0 mennist vi\u00f0 t\u00ed\u00f0ini og so hv\u00f8rt, sum meira gransking ver\u00f0ur gj\u00f8rd \u00e1 \u00f8kinum. \u00cd dag ver\u00f0ur b\u00f3kstavara\u00f0i\u00f0 eisini v\u00ed\u00f0ka\u00f0 til LGBTQIA+ (Lesbian, Gay, Bisexual, Transgender, Queer, Intersex, Asexual, Plus Others)<\/p>\n\n\n\n<p class=\"wp-block-paragraph\"><strong>Millumkyn (en.: intersex)<\/strong><\/p>\n\n\n\n<p class=\"wp-block-paragraph\">Tey, i\u00f0 hava kynsg\u00f8gn, sum hava ey\u00f0kenni fr\u00e1 b\u00e6\u00f0i kallkyns- og kvennkynskroppum. Ta\u00f0 er ymiskt, hvussu kynsg\u00f8gnini s\u00edggja \u00fat, og ta\u00f0 kunnu vera b\u00e6\u00f0i uttaru og innaru kynsg\u00f8gnini, sum eru b\u00e6\u00f0i kallkyn og kvennkyn.<\/p>\n\n\n\n<p class=\"wp-block-paragraph\"><strong>Panseksuell\/ur (en.: pansexual)<\/strong><\/p>\n\n\n\n<p class=\"wp-block-paragraph\">Tey, i\u00f0 kunnu hava hug \u00e1 \u00f8llum menniskjum \u00f3ans\u00e6\u00f0 teirra kynsliga sannf\u00f8ring ella kynssamleika, kallast panseksuell. <\/p>\n\n\n\n<p class=\"wp-block-paragraph\"><strong>Pride (en.: pride)<\/strong><\/p>\n\n\n\n<p class=\"wp-block-paragraph\">Pride merkir &#8220;stoltleiki&#8221; \u00e1 enskum, og er ein \u00e1rlig skr\u00fa\u00f0gonga, sum er \u00ed flestu st\u00f3r b\u00fdum og h\u00f8vu\u00f0ssta\u00f0um \u00ed londum, har f\u00f3lkar\u00e6\u00f0i og fr\u00edsinni\u00f0 r\u00e6\u00f0ur. Talan er um eitt alment tiltak fyri at v\u00edsa, at man er stoltur av at vera tann, sum man veruliga er, og at man ynskir og stu\u00f0lar javnr\u00e6ttindum. <\/p>\n\n\n\n<p class=\"wp-block-paragraph\">Fyrsta Pride skr\u00fa\u00f0gongan var \u00ed New York, USA \u00ed 1970. \u00ed F\u00f8royum hevur tiltaki\u00f0 heiti\u00f0 Faroe Pride, og er \u00e6tla\u00f0 \u00f8llum f\u00f8royingum, i\u00f0 ynskja eitt r\u00famligari og meira fj\u00f8lbroytt samfelag, sum gevur pl\u00e1ss og javnr\u00e6tt til allar s\u00ednar borgarar \u2013 sama hv\u00f8rja kynsliga sannf\u00f8ring ella kynssamleika, ein sj\u00e1lv\/ur hevur.<\/p>\n\n\n\n<p class=\"wp-block-paragraph\"><strong>Samkyndur ma\u00f0ur (en.: homosexual, gay)<\/strong><\/p>\n\n\n\n<p class=\"wp-block-paragraph\">Ma\u00f0ur, i\u00f0 hevur hug \u00e1 onkrum av sama kyni, sum hann sj\u00e1lvur hevur. <\/p>\n\n\n\n<p class=\"wp-block-paragraph\"><strong>Samkynd kvinna (en.: homosexual, lesbian)<\/strong><\/p>\n\n\n\n<p class=\"wp-block-paragraph\">Kvinna, i\u00f0 hevur hug \u00e1 onkrum av sama kyni, sum hon sj\u00e1lv hevur.<\/p>\n\n\n\n<p class=\"wp-block-paragraph\"><strong>Samfa\u00f0ir (da.: medfar)<\/strong><\/p>\n\n\n\n<p class=\"wp-block-paragraph\">T\u00e1 tveir menn f\u00e1a b\u00f8rn vi\u00f0 bur\u00f0arm\u00f3\u00f0ir. T\u00e1 er ma\u00f0urin, i\u00f0 hevur lati\u00f0 s\u00e1\u00f0i\u00f0, p\u00e1pi ella fa\u00f0ir, me\u00f0an hin ma\u00f0urin f\u00e6r l\u00f8gfr\u00f8\u00f0iliga heiti\u00f0 samfa\u00f0ir.<\/p>\n\n\n\n<p class=\"wp-block-paragraph\"><strong>Samm\u00f3\u00f0ir (da.: medmor)<\/strong><\/p>\n\n\n\n<p class=\"wp-block-paragraph\">T\u00e1 tv\u00e6r kvinnur f\u00e1a b\u00f8rn vi\u00f0 \u00eds\u00e1\u00f0ing. T\u00e1 er kvinna, i\u00f0 ber barni\u00f0, mamma ella m\u00f3\u00f0ur, me\u00f0an hin kvinnan f\u00e6r l\u00f8gfr\u00f8\u00f0iliga heiti\u00f0 samm\u00f3\u00f0ur.<\/p>\n\n\n\n<p class=\"wp-block-paragraph\"><strong>Stu\u00f0ul (en.: ally)<\/strong><\/p>\n\n\n\n<p class=\"wp-block-paragraph\">Ein, sum br\u00fakar s\u00edni fram\u00edhj\u00e1r\u00e6ttindi \u00e1 einum \u00f8ki til at hj\u00e1lpa teimum, sum uppliva mismun \u00e1 sama \u00f8ki.<\/p>\n\n\n\n<p class=\"wp-block-paragraph\"><strong>Tv\u00edkynd\/ur (en.: bisexual)<\/strong><\/p>\n\n\n\n<p class=\"wp-block-paragraph\">Tey, i\u00f0 hava hug \u00e1 b\u00e6\u00f0i monnum og kvinnum.<\/p>\n\n\n\n<p class=\"wp-block-paragraph\"><strong>Tv\u00edskipa\u00f0 og ei-tv\u00edskipa\u00f0 (en.: binary, non-binary)<\/strong><\/p>\n\n\n\n<p class=\"wp-block-paragraph\">At vera ella hugsa tv\u00edskipa\u00f0 er fatanin um, at ta\u00f0 eru bara tvey kyn, kallkyn og kvennkyn, og hesi b\u00e6\u00f0i kynini eru sj\u00e1lvst\u00f8\u00f0ug og m\u00f3tsetningar av hv\u00f8r \u00f8\u00f0rum. Man er antin ma\u00f0ur ella kona, drongur ella genta og mansligur ella kvinnuligur. \u00cd hesum f\u00f8ri er \u00e1sko\u00f0anin um tvey kyn og kyns\u00fatrykk fastl\u00e1st og st\u00f8\u00f0ugt. <\/p>\n\n\n\n<p class=\"wp-block-paragraph\">Ei-tv\u00edskipa\u00f0 er hinvegin fatanin um, at kyn kunnu vera fj\u00f8lbroytt og at ymiskir kynssamleikar og kyns\u00fatrykk eru til, og hesi passa ikki alt\u00ed\u00f0 inn \u00ed eina tv\u00edskipan, har bara tvey kyn eru til. Haraftur\u00edm\u00f3ti ver\u00f0ur mett, at summi f\u00f3lk fella ymsasta\u00f0ni \u00e1 linjuni millum kallkyn og kvennkyn. Tey r\u00f3pa seg ei-tv\u00edskipa\u00f0.<\/p>\n\n\n\n<p class=\"wp-block-paragraph\"><strong>Tv\u00f8rkyn (en.: transgender)<\/strong><\/p>\n\n\n\n<p class=\"wp-block-paragraph\">Ein hv\u00f8rs kynssamleiki svarar til kynsfatanina um ta\u00f0 m\u00f3tsetta kyni\u00f0, sum til d\u00f8mis ein vi\u00f0 kallkynskroppi, i\u00f0 s\u00e6r seg sum gentu ella kvinnu, ella ein vi\u00f0 kvennkynskroppi, i\u00f0 s\u00e6r seg sum drong ella mann. <\/p>\n\n\n\n<p class=\"wp-block-paragraph\">Vi\u00f0 \u00f8\u00f0rum or\u00f0um kynssamleikin samsvarar ikki vi\u00f0 l\u00edvfr\u00f8\u00f0iliga kyni\u00f0, sum vi\u00f0komandi fekk tilskriva\u00f0 sum barn. Tv\u00f8rkynd vilja ofta, men ikki alt\u00ed\u00f0, fara undir at broyta kroppin vi\u00f0 heiligv\u00e1gi  og skur\u00f0vi\u00f0ger\u00f0, so kroppurin samsvarar vi\u00f0 r\u00e6tta kynssamleikan. <\/p>\n\n\n\n<p class=\"wp-block-paragraph\"><strong>Transvestit (en.: transvestite, cross-dresser)<\/strong><\/p>\n\n\n\n<p class=\"wp-block-paragraph\">Er pers\u00f3nur, i\u00f0 gle\u00f0ist vi\u00f0 at lata seg \u00ed kl\u00e6\u00f0ir hj\u00e1 t\u00ed \u00f8vugta kyninum. Hesin \u00e1hugi hevur einki vi\u00f0 teirra kynsligu sannf\u00f8ring at gera. Talan er ofta um mannf\u00f3lk.<\/p>\n\n\n\n<p class=\"wp-block-paragraph\"><strong>Vi\u00f0kyn (en.: cis, cis-gender)<\/strong><\/p>\n\n\n\n<p class=\"wp-block-paragraph\">Ein hv\u00f8rs kynssamleiki svarar til ta kyn, sum vi\u00f0komandi fekk tilluta\u00f0 vi\u00f0 f\u00f8\u00f0ing. Vi\u00f0 \u00f8\u00f0rum or\u00f0um, vi\u00f0kyn er ta\u00f0 \u00f8vugta av tv\u00f8rkyn. <\/p>\n\n\n\n<p class=\"wp-block-paragraph\"><strong>Ymisk fobi (en.: bifobia, homofobia, transfobia)<\/strong><\/p>\n\n\n\n<p class=\"wp-block-paragraph\">Ein pers\u00f3nur, sum hevur ein \u00f3skilbornan \u00f3tta fyri sam-, tv\u00ed-, ella tv\u00f8rkyndum f\u00f3lkum. Ein pers\u00f3nur, sum ikki br\u00fdggjar seg um t.d. sam-, tv\u00ed-, og tv\u00f8rkynd. Ein pers\u00f3nur, sum v\u00edsir s\u00edn mistokka ella beinlei\u00f0is andstygd fyri hesum menniskjum vegna teirra kynsliga sannf\u00f8ring ella kynssamleika umvegis hugsan, talu og\/ella ger\u00f0ir. <\/p>\n\n\n\n<p class=\"wp-block-paragraph\"><strong>\u00c6labogi (en.: rainbow)<\/strong><\/p>\n\n\n\n<p class=\"wp-block-paragraph\">\u00c6labogin er symboli\u00f0 og flaggi\u00f0 hj\u00e1 altj\u00f3\u00f0a r\u00f8rsluna til frama fyri samkynd, tv\u00edkynd og tv\u00f8rkynd. \u00c6labogaflaggi\u00f0, sum vit kenna ta\u00f0 \u00ed dag, var\u00f0 sni\u00f0givi\u00f0 av Gilbert Baker \u00ed San Francisco \u00ed 1978. <\/p>\n\n\n\n<p class=\"wp-block-paragraph\"><strong>\u00c6labogafamilja (en.: rainbow family)<\/strong><\/p>\n\n\n\n<p class=\"wp-block-paragraph\">\u00cd eini \u00e6laboga familju er \u00ed minsta lagi ein vaksin limur LGBTari. <\/p>\n\n\n\n<p class=\"wp-block-paragraph\"><strong>\u00c6labogabarn (en.: rainbow child)<\/strong><\/p>\n\n\n\n<p class=\"wp-block-paragraph\">Eitt barn \u00ed eini \u00e6labogafamilju.<\/p>","protected":false},"excerpt":{"rendered":"<p>Aseksuell\/ur (en.: asexual) Ta\u00f0, ikki at hava kropsligan hug \u00e1 n\u00f8krum. Draggdrotning ella draggkongur (en.: drag queen, drag king) Ein [&hellip;]<\/p>\n","protected":false},"author":182137770,"featured_media":0,"parent":0,"menu_order":0,"comment_status":"closed","ping_status":"closed","template":"","meta":{"_crdt_document":"","_uag_custom_page_level_css":"","site-sidebar-layout":"default","site-content-layout":"","ast-site-content-layout":"default","site-content-style":"default","site-sidebar-style":"default","ast-global-header-display":"","ast-banner-title-visibility":"","ast-main-header-display":"","ast-hfb-above-header-display":"","ast-hfb-below-header-display":"","ast-hfb-mobile-header-display":"","site-post-title":"","ast-breadcrumbs-content":"","ast-featured-img":"","footer-sml-layout":"","ast-disable-related-posts":"","theme-transparent-header-meta":"","adv-header-id-meta":"","stick-header-meta":"","header-above-stick-meta":"","header-main-stick-meta":"","header-below-stick-meta":"","astra-migrate-meta-layouts":"default","ast-page-background-enabled":"default","ast-page-background-meta":{"desktop":{"background-color":"var(--ast-global-color-5)","background-image":"","background-repeat":"repeat","background-position":"center center","background-size":"auto","background-attachment":"scroll","background-type":"","background-media":"","overlay-type":"","overlay-color":"","overlay-opacity":"","overlay-gradient":""},"tablet":{"background-color":"","background-image":"","background-repeat":"repeat","background-position":"center center","background-size":"auto","background-attachment":"scroll","background-type":"","background-media":"","overlay-type":"","overlay-color":"","overlay-opacity":"","overlay-gradient":""},"mobile":{"background-color":"","background-image":"","background-repeat":"repeat","background-position":"center center","background-size":"auto","background-attachment":"scroll","background-type":"","background-media":"","overlay-type":"","overlay-color":"","overlay-opacity":"","overlay-gradient":""}},"ast-content-background-meta":{"desktop":{"background-color":"var(--ast-global-color-4)","background-image":"","background-repeat":"repeat","background-position":"center center","background-size":"auto","background-attachment":"scroll","background-type":"","background-media":"","overlay-type":"","overlay-color":"","overlay-opacity":"","overlay-gradient":""},"tablet":{"background-color":"var(--ast-global-color-4)","background-image":"","background-repeat":"repeat","background-position":"center center","background-size":"auto","background-attachment":"scroll","background-type":"","background-media":"","overlay-type":"","overlay-color":"","overlay-opacity":"","overlay-gradient":""},"mobile":{"background-color":"var(--ast-global-color-4)","background-image":"","background-repeat":"repeat","background-position":"center center","background-size":"auto","background-attachment":"scroll","background-type":"","background-media":"","overlay-type":"","overlay-color":"","overlay-opacity":"","overlay-gradient":""}},"advanced_seo_description":"","jetpack_seo_html_title":"","jetpack_seo_noindex":false,"footnotes":""},"class_list":["post-1576","page","type-page","status-publish","hentry"],"uagb_featured_image_src":{"full":false,"thumbnail":false,"medium":false,"medium_large":false,"large":false,"1536x1536":false,"2048x2048":false,"trp-custom-language-flag":false,"newspack-article-block-landscape-large":false,"newspack-article-block-portrait-large":false,"newspack-article-block-square-large":false,"newspack-article-block-landscape-medium":false,"newspack-article-block-portrait-medium":false,"newspack-article-block-square-medium":false,"newspack-article-block-landscape-intermediate":false,"newspack-article-block-portrait-intermediate":false,"newspack-article-block-square-intermediate":false,"newspack-article-block-landscape-small":false,"newspack-article-block-portrait-small":false,"newspack-article-block-square-small":false,"newspack-article-block-landscape-tiny":false,"newspack-article-block-portrait-tiny":false,"newspack-article-block-square-tiny":false,"newspack-article-block-uncropped":false,"mailpoet_newsletter_max":false,"woocommerce_thumbnail":false,"woocommerce_single":false,"woocommerce_gallery_thumbnail":false},"uagb_author_info":{"display_name":"unijoh","author_link":"https:\/\/lgbt.fo\/en\/author\/unijoh\/"},"uagb_comment_info":0,"uagb_excerpt":"Aseksuell\/ur (en.: asexual) Ta\u00f0, ikki at hava kropsligan hug \u00e1 n\u00f8krum. Draggdrotning ella draggkongur (en.: drag queen, drag king) Ein [&hellip;]","jetpack_sharing_enabled":true,"jetpack_shortlink":"https:\/\/wp.me\/Pgp3sg-pq","_links":{"self":[{"href":"https:\/\/lgbt.fo\/en\/wp-json\/wp\/v2\/pages\/1576","targetHints":{"allow":["GET"]}}],"collection":[{"href":"https:\/\/lgbt.fo\/en\/wp-json\/wp\/v2\/pages"}],"about":[{"href":"https:\/\/lgbt.fo\/en\/wp-json\/wp\/v2\/types\/page"}],"author":[{"embeddable":true,"href":"https:\/\/lgbt.fo\/en\/wp-json\/wp\/v2\/users\/182137770"}],"replies":[{"embeddable":true,"href":"https:\/\/lgbt.fo\/en\/wp-json\/wp\/v2\/comments?post=1576"}],"version-history":[{"count":1,"href":"https:\/\/lgbt.fo\/en\/wp-json\/wp\/v2\/pages\/1576\/revisions"}],"predecessor-version":[{"id":2666,"href":"https:\/\/lgbt.fo\/en\/wp-json\/wp\/v2\/pages\/1576\/revisions\/2666"}],"wp:attachment":[{"href":"https:\/\/lgbt.fo\/en\/wp-json\/wp\/v2\/media?parent=1576"}],"curies":[{"name":"wp","href":"https:\/\/api.w.org\/{rel}","templated":true}]}}