{"id":1574,"date":"2016-05-16T18:58:30","date_gmt":"2016-05-16T17:58:30","guid":{"rendered":"https:\/\/lgbt.fo\/lgbt-hetjur-2\/fa-samband-vid-adrar-lgbtarar\/"},"modified":"2026-02-19T18:35:41","modified_gmt":"2026-02-19T18:35:41","slug":"fa-samband-vid-adrar-lgbtarar","status":"publish","type":"page","link":"https:\/\/lgbt.fo\/en\/fa-samband-vid-adrar-lgbtarar\/","title":{"rendered":"F\u00e1 samband vi\u00f0 a\u00f0rar LGBT+&#8217;arar"},"content":{"rendered":"<p class=\"wp-block-paragraph\">T\u00fa kanst f\u00e1a samband vi\u00f0 a\u00f0rar LGBT+&#8217;arar \u00ed F\u00f8royum \u00e1 ymiskan h\u00e1tt. Eitt n\u00fa kann nevnast:<\/p>\n\n\n\n<ul class=\"wp-block-list\">\n<li>D\u00e1ma LGBT+ F\u00f8royar \u00e1 <a href=\"https:\/\/www.facebook.com\/lgbtforoyar\/\" target=\"_blank\" rel=\"noreferrer noopener\">Facebook<\/a> og fylg okkum \u00e1 <a href=\"https:\/\/www.instagram.com\/lgbtforoyar\" data-type=\"link\" data-id=\"https:\/\/www.instagram.com\/lgbtforoyar\" target=\"_blank\" rel=\"noreferrer noopener\">Instagram<\/a>.<\/li>\n\n\n\n<li>Kom \u00e1 sosial tilt\u00f8k hj\u00e1 LGBT+ F\u00f8royum so sum filmskv\u00f8ld, hugnakv\u00f8ld, VERA (safe space fyri ung) og onnur tilt\u00f8k. Vit plaga eisini at hava j\u00f3laveitslu fyri LGBT+&#8217;arar millum j\u00f3la og n\u00fdggj\u00e1rs.<\/li>\n\n\n\n<li>Melda teg \u00ed <a href=\"https:\/\/www.facebook.com\/groups\/lgbtfo\/\">lukka\u00f0a b\u00f3lkin<\/a> hj\u00e1 LGBT F\u00f8royum \u00e1 Facebook. B\u00f3lkurin er EINANS \u00e6tla\u00f0ur sam- tv\u00ed- og tv\u00f8rkyndum+.<\/li>\n<\/ul>","protected":false},"excerpt":{"rendered":"<p>T\u00fa kanst f\u00e1a samband vi\u00f0 a\u00f0rar LGBT+&#8217;arar \u00ed F\u00f8royum \u00e1 ymiskan h\u00e1tt. Eitt n\u00fa kann nevnast:<\/p>","protected":false},"author":182137770,"featured_media":0,"parent":0,"menu_order":0,"comment_status":"closed","ping_status":"closed","template":"","meta":{"_crdt_document":"","_uag_custom_page_level_css":"","site-sidebar-layout":"default","site-content-layout":"","ast-site-content-layout":"default","site-content-style":"default","site-sidebar-style":"default","ast-global-header-display":"","ast-banner-title-visibility":"","ast-main-header-display":"","ast-hfb-above-header-display":"","ast-hfb-below-header-display":"","ast-hfb-mobile-header-display":"","site-post-title":"","ast-breadcrumbs-content":"","ast-featured-img":"","footer-sml-layout":"","ast-disable-related-posts":"","theme-transparent-header-meta":"","adv-header-id-meta":"","stick-header-meta":"","header-above-stick-meta":"","header-main-stick-meta":"","header-below-stick-meta":"","astra-migrate-meta-layouts":"default","ast-page-background-enabled":"default","ast-page-background-meta":{"desktop":{"background-color":"var(--ast-global-color-5)","background-image":"","background-repeat":"repeat","background-position":"center center","background-size":"auto","background-attachment":"scroll","background-type":"","background-media":"","overlay-type":"","overlay-color":"","overlay-opacity":"","overlay-gradient":""},"tablet":{"background-color":"","background-image":"","background-repeat":"repeat","background-position":"center center","background-size":"auto","background-attachment":"scroll","background-type":"","background-media":"","overlay-type":"","overlay-color":"","overlay-opacity":"","overlay-gradient":""},"mobile":{"background-color":"","background-image":"","background-repeat":"repeat","background-position":"center center","background-size":"auto","background-attachment":"scroll","background-type":"","background-media":"","overlay-type":"","overlay-color":"","overlay-opacity":"","overlay-gradient":""}},"ast-content-background-meta":{"desktop":{"background-color":"var(--ast-global-color-4)","background-image":"","background-repeat":"repeat","background-position":"center center","background-size":"auto","background-attachment":"scroll","background-type":"","background-media":"","overlay-type":"","overlay-color":"","overlay-opacity":"","overlay-gradient":""},"tablet":{"background-color":"var(--ast-global-color-4)","background-image":"","background-repeat":"repeat","background-position":"center center","background-size":"auto","background-attachment":"scroll","background-type":"","background-media":"","overlay-type":"","overlay-color":"","overlay-opacity":"","overlay-gradient":""},"mobile":{"background-color":"var(--ast-global-color-4)","background-image":"","background-repeat":"repeat","background-position":"center center","background-size":"auto","background-attachment":"scroll","background-type":"","background-media":"","overlay-type":"","overlay-color":"","overlay-opacity":"","overlay-gradient":""}},"advanced_seo_description":"","jetpack_seo_html_title":"","jetpack_seo_noindex":false,"footnotes":""},"class_list":["post-1574","page","type-page","status-publish","hentry"],"uagb_featured_image_src":{"full":false,"thumbnail":false,"medium":false,"medium_large":false,"large":false,"1536x1536":false,"2048x2048":false,"trp-custom-language-flag":false,"newspack-article-block-landscape-large":false,"newspack-article-block-portrait-large":false,"newspack-article-block-square-large":false,"newspack-article-block-landscape-medium":false,"newspack-article-block-portrait-medium":false,"newspack-article-block-square-medium":false,"newspack-article-block-landscape-intermediate":false,"newspack-article-block-portrait-intermediate":false,"newspack-article-block-square-intermediate":false,"newspack-article-block-landscape-small":false,"newspack-article-block-portrait-small":false,"newspack-article-block-square-small":false,"newspack-article-block-landscape-tiny":false,"newspack-article-block-portrait-tiny":false,"newspack-article-block-square-tiny":false,"newspack-article-block-uncropped":false,"mailpoet_newsletter_max":false,"woocommerce_thumbnail":false,"woocommerce_single":false,"woocommerce_gallery_thumbnail":false},"uagb_author_info":{"display_name":"unijoh","author_link":"https:\/\/lgbt.fo\/en\/author\/unijoh\/"},"uagb_comment_info":0,"uagb_excerpt":"T\u00fa kanst f\u00e1a samband vi\u00f0 a\u00f0rar LGBT+&#8217;arar \u00ed F\u00f8royum \u00e1 ymiskan h\u00e1tt. Eitt n\u00fa kann nevnast:","jetpack_sharing_enabled":true,"jetpack_shortlink":"https:\/\/wp.me\/Pgp3sg-po","_links":{"self":[{"href":"https:\/\/lgbt.fo\/en\/wp-json\/wp\/v2\/pages\/1574","targetHints":{"allow":["GET"]}}],"collection":[{"href":"https:\/\/lgbt.fo\/en\/wp-json\/wp\/v2\/pages"}],"about":[{"href":"https:\/\/lgbt.fo\/en\/wp-json\/wp\/v2\/types\/page"}],"author":[{"embeddable":true,"href":"https:\/\/lgbt.fo\/en\/wp-json\/wp\/v2\/users\/182137770"}],"replies":[{"embeddable":true,"href":"https:\/\/lgbt.fo\/en\/wp-json\/wp\/v2\/comments?post=1574"}],"version-history":[{"count":3,"href":"https:\/\/lgbt.fo\/en\/wp-json\/wp\/v2\/pages\/1574\/revisions"}],"predecessor-version":[{"id":3492,"href":"https:\/\/lgbt.fo\/en\/wp-json\/wp\/v2\/pages\/1574\/revisions\/3492"}],"wp:attachment":[{"href":"https:\/\/lgbt.fo\/en\/wp-json\/wp\/v2\/media?parent=1574"}],"curies":[{"name":"wp","href":"https:\/\/api.w.org\/{rel}","templated":true}]}}