{"id":1571,"date":"2015-03-01T15:23:53","date_gmt":"2015-03-01T15:23:53","guid":{"rendered":"https:\/\/lgbt.fo\/lgbt-hetjur-2\/lgbt-bokmentir-a-foroyskum-og-utlendskum-mali\/"},"modified":"2026-02-15T14:03:44","modified_gmt":"2026-02-15T14:03:44","slug":"lgbt-bokmentir","status":"publish","type":"page","link":"https:\/\/lgbt.fo\/en\/lgbt-bokmentir\/","title":{"rendered":"LGBT+-b\u00f3kmentir \u00e1 f\u00f8royskum og \u00fatlendskum m\u00e1li"},"content":{"rendered":"<div class=\"wp-block-uagb-image alignwide uagb-block-2011c21c wp-block-uagb-image--layout-default wp-block-uagb-image--effect-static wp-block-uagb-image--align-wide\"><figure class=\"wp-block-uagb-image__figure\"><a class=\"\" href=\"https:\/\/i0.wp.com\/lgbt.fo\/wp-content\/uploads\/2015\/03\/bok.jpg?ssl=1\" target=\"\" rel=\"noopener\"><img data-recalc-dims=\"1\" decoding=\"async\" srcset=\"https:\/\/lgbt.fo\/wp-content\/uploads\/2015\/03\/bok.jpg ,https:\/\/lgbt.fo\/wp-content\/uploads\/2015\/03\/bok.jpg 780w, https:\/\/lgbt.fo\/wp-content\/uploads\/2015\/03\/bok.jpg 360w\" sizes=\"auto, (max-width: 480px) 150px\" src=\"https:\/\/i0.wp.com\/lgbt.fo\/wp-content\/uploads\/2015\/03\/bok.jpg?resize=430%2C313&#038;ssl=1\" alt=\"\" class=\"uag-image-1488\" width=\"430\" height=\"313\" title=\"bok\" loading=\"lazy\" role=\"img\"\/><\/a><\/figure><\/div>\n\n\n\n<p class=\"wp-block-paragraph\"><strong>Barnab\u00f8kur \u00e1 f\u00f8royskum<\/strong><\/p>\n\n\n\n<ul class=\"wp-block-list\">\n<li>Ver t\u00fa! Handb\u00f3k hj\u00e1 b\u00f8rnum um kynsfatan, k\u00e6rleika og familju (Jonathan Branfman)<\/li>\n\n\n\n<li>Hin st\u00f3ra b\u00f3kin um familjur (Mary Hoffman og Ros Asquith)<\/li>\n\n\n\n<li>Regin og barbiedukkurnar (Pija Lindenbaum)<\/li>\n\n\n\n<li>Karlo og Luddi (Niclas Heri J\u00e1kupsson)<\/li>\n\n\n\n<li>Hin dagin, t\u00e1 i\u00f0 Rebekka var Rasmus (Katrine Clante)<\/li>\n\n\n\n<li>Og mamma (Elin \u00e1 R\u00f3gvi og Marjun Reginsd\u00f3ttir)<\/li>\n\n\n\n<li>Bara Tsatsiki (Moni Nilsson-Br\u00e4nnstr\u00f6m)<\/li>\n<\/ul>\n\n\n\n<p class=\"wp-block-paragraph\"><strong>Ungd\u00f3msb\u00f8kur og stutts\u00f8gur \u00e1 f\u00f8royskum<\/strong><\/p>\n\n\n\n<ul class=\"wp-block-list\">\n<li>Manor (Karl Heinrich Ulrichs)<\/li>\n\n\n\n<li>Skriva \u00ed sandin (Marjun Syderb\u00f8 Kjeln\u00e6s)<\/li>\n\n\n\n<li>Elskar \u2013 elskar ikki (Marjun Syderb\u00f8 Kjeln\u00e6s)<\/li>\n\n\n\n<li>Samleiki \u00ed loyndum (Harriet Poulsen)<\/li>\n\n\n\n<li>Hon sum r\u00f3\u00f0i eftir \u00e6laboganum (Rakel Helmsdal)<\/li>\n\n\n\n<li>L\u00e6rarin &#8211; Stutts\u00f8ga \u00ed <em>Bl\u00e1d\u00fdpi\u00f0 og a\u00f0ar stutts\u00f8gur<\/em> (Heine Heystoy)<\/li>\n\n\n\n<li>Leikalindin &#8211; Stutts\u00f8ga \u00ed <em>Gr\u00e1gl\u00f3mur<\/em> (Lydia Didriksen)<\/li>\n\n\n\n<li>Helli\u00f0 &#8211; Stutts\u00f8ga \u00ed <em>Gr\u00e1gl\u00f3mur<\/em> (Lydia Didriksen)<\/li>\n\n\n\n<li>\u00cdsmal &#8211; Stutts\u00f8ga \u00ed <em>Les 1<\/em> til 8. flokk (Marianna Debes Dal)<\/li>\n\n\n\n<li>Hovmeistarin \u2013 Stutts\u00f8ga \u00ed <em>\u00c1 landam\u00f8rkunum vaksa blomstur<\/em> (J\u00f3anes Nielsen)<\/li>\n\n\n\n<li>Glaskrukkan \u2013 Stutts\u00f8ga \u00ed <em>Vencil<\/em>, nr. 11\/2012 (H\u00f8gni Min\u00e9)<\/li>\n\n\n\n<li>10-\u00e1ra broytingin &#8211; Stutts\u00f8ga \u00ed <em>Glasb\u00fari\u00f0 &#8211; 19 stutts\u00f8gur<\/em> (S\u00e1mal Soll)<\/li>\n\n\n\n<li>Ma\u00f0urin vi\u00f0 yvirskegginum &#8211; Stutts\u00f8ga \u00ed <em>Skuggamyndir<\/em> (Ingun Christensen)<\/li>\n\n\n\n<li>Silvurbr\u00fadleypi\u00f0 &#8211; Stutts\u00f8ga \u00ed\u00a0stutts\u00f8gusavninum\u00a0<em>N\u00fdtt flog &#8211; 650 or\u00f0 x 62\u00a0<\/em>(Annika Soll)<\/li>\n\n\n\n<li>Sk\u00e1pi\u00f0 &#8211;\u00a0Stutts\u00f8ga \u00ed\u00a0stutts\u00f8gusavninum\u00a0<em>N\u00fdtt flog &#8211; 650 or\u00f0 x 62\u00a0<\/em>(Annika Dalsgaard)<\/li>\n\n\n\n<li>Skeiv hill, ella&#8230; \u2013 Vinnari av stutts\u00f8gukappingini <em>650 or\u00f0<\/em> \u00ed G\u00f3\u00f0an Morgun F\u00f8royar, KVF \u00a0og vi\u00f0 stutts\u00f8gusavninum\u00a0<em>N\u00fdtt flog &#8211; 650 or\u00f0 x 62<\/em> (Liljan \u00e1 Fl\u00f8tum Petersen)<\/li>\n<\/ul>\n\n\n\n<p class=\"wp-block-paragraph\"><strong>&nbsp;<\/strong><\/p>\n\n\n\n<p class=\"wp-block-paragraph\"><strong>Skalds\u00f8gur \u00e1 f\u00f8royskum<\/strong><\/p>\n\n\n\n<ul class=\"wp-block-list\">\n<li>M\u00e1nasteinur &#8211; Drongurin, i\u00f0 aldri var til (Sj\u00f3n)<\/li>\n\n\n\n<li>Brahmadellarnir (J\u00f3anes Nielsen)<\/li>\n\n\n\n<li>Glansb\u00edl\u00e6tasamlararnir (J\u00f3anes Nielsen)<\/li>\n\n\n\n<li>Nor\u00f0l\u00fdsi (J\u00f3gvan Isaksen)<\/li>\n\n\n\n<li>Skitsur &#8211; b\u00fdurin og st\u00f3rb\u00fdruin (Magnus Dam Jacobsen)<\/li>\n\n\n\n<li>Kasta (Steinbj\u00f8rn B. Jacobsen)<\/li>\n<\/ul>\n\n\n\n<p class=\"wp-block-paragraph\"><strong>T\u00e6ttir, yrkingar, sangir og videol\u00f8g \u00e1 f\u00f8royskum<\/strong><\/p>\n\n\n\n<ul class=\"wp-block-list\">\n<li>\u00c1naniasart\u00e1ttur &#8211; <em>T\u00e6ttir 2<\/em> (S\u00edmun \u00ed H\u00f8rg)<\/li>\n\n\n\n<li>P\u00e1lins t\u00e1ttur (F\u00f8roya kv\u00e6\u00f0i : Corpus carminum F\u00e6roensium)<\/li>\n\n\n\n<li>Br\u00e6v fr\u00e1 einum huldumanni \u2013 Yrking \u00ed <em>Hin trettandi m\u00e1na\u00f0in<\/em> (J\u00f3anes Nielsen)<\/li>\n\n\n\n<li>Vi\u00f0 eina lj\u00f3sboyu \u2013 Yrking \u00ed <em>Kirkjurnar \u00e1 havsins botni<\/em> (J\u00f3anes Nielsen)<\/li>\n\n\n\n<li>F\u00f8\u00f0ingardagskv\u00f8\u00f0a til Onnu \u2013 Yrking \u00ed <em>Tapet millum \u00f8ldir<\/em> (J\u00f3anes Nielsen)<\/li>\n\n\n\n<li>Dagar vi\u00f0 \u00f3\u00fatrokniligum lj\u00f3mi &#8211; Yrking \u00ed <em>Ta\u00f0 eru tey, sum taka m\u00e1nal\u00fdsi \u00ed \u00e1lvara <\/em>(J\u00f3anes Nielsen)<\/li>\n\n\n\n<li>N\u00e1ttargar\u00f0ur &#8211; Yrking \u00ed <em>Ta\u00f0 eru tey, sum taka m\u00e1nal\u00fdsi \u00ed \u00e1lvara <\/em>(J\u00f3anes Nielsen)<\/li>\n\n\n\n<li><a href=\"http:\/\/sangtekstir.com\/tjodsangur-fyri-hina-helvtina\/\">Tj\u00f3\u00f0sangur fyri hina helvtina (K\u00e1ri P)<\/a><\/li>\n\n\n\n<li><a href=\"https:\/\/www.youtube.com\/watch?v=burMeqKiUa8\">Tey standa og vagga (Hans Andrias Djurhuus)<\/a><\/li>\n\n\n\n<li><a href=\"https:\/\/vimeo.com\/71018376\">Ymisk (K\u00e1ri Jacobsen)<\/a><\/li>\n\n\n\n<li><a href=\"https:\/\/www.youtube.com\/watch?v=jdiSGzuifZo\">Muscleman-bla\u00f0 (200)<\/a><\/li>\n\n\n\n<li><a href=\"https:\/\/www.youtube.com\/watch?v=NnHrq9JekfA\">Heini hatar (200)<\/a><\/li>\n\n\n\n<li><a href=\"https:\/\/www.youtube.com\/watch?v=EArufNELj44\">Eg (P\u00e1ll Finnur P\u00e1ll)<\/a><\/li>\n\n\n\n<li><a href=\"https:\/\/www.youtube.com\/watch?v=XtRVL0PRrQs\">Gay (Grandmas\u00b4 Basement)<\/a><\/li>\n\n\n\n<li><a href=\"https:\/\/www.youtube.com\/watch?v=EiQxE_BSiOs\">Gla\u00f0ur (Grandmas\u00b4 Basement)<\/a><\/li>\n\n\n\n<li><a href=\"https:\/\/www.youtube.com\/watch?v=1oHB8YlMrv8\">Frensurin hj\u00e1 \u00d3la (Dynamit)<\/a><\/li>\n\n\n\n<li><a href=\"https:\/\/www.youtube.com\/watch?v=kk7yPKM31tQ\">Innari gjeikari\u00a0 (Kjartan \u00ed Eg elski F\u00f8royar \/Sj\u00far\u00f0ur Skaale)<\/a><\/li>\n\n\n\n<li><a href=\"https:\/\/vimeo.com\/32412254\">At vera til (Linda Andrews &amp; K\u00e1ri Jacobsen)<\/a><\/li>\n\n\n\n<li><a href=\"https:\/\/www.youtube.com\/watch?v=qhD8u72UMZw\">Blonde (Hei\u00f0rikur \u00e1 Heygum)<\/a><\/li>\n\n\n\n<li><a href=\"https:\/\/www.youtube.com\/watch?v=WhjPLJBZV4k\">Har er b\u00f8sse (Dennis Agerblad Band)<\/a><\/li>\n\n\n\n<li><a href=\"https:\/\/soundcloud.com\/dennis-agerblad\/den-faeroske-prinsesse\">Den f\u00e6r\u00f8ske prinsesse (Dennis Agerblad Band)<\/a><\/li>\n\n\n\n<li><a href=\"https:\/\/play.spotify.com\/track\/39HlA0IuZe7YkFB1WPJzmp?play=true&amp;utm_source=open.spotify.com&amp;utm_medium=open\">K\u00e6rleiksbl\u00fas (Terji Krossteig Messell)<\/a><\/li>\n\n\n\n<li><a href=\"https:\/\/soundcloud.com\/elinbheinesen\/utistongd-live-with-ebh-trio?utm_source=soundcloud&amp;utm_campaign=share&amp;utm_medium=facebook\">\u00datistongd (Elin Brimheim Heinesen)<\/a><\/li>\n\n\n\n<li><a href=\"https:\/\/vimeo.com\/199557502\">Boy (Hei\u00f0rikur\u00a0\u00e1 Heygum)<\/a><\/li>\n\n\n\n<li><a href=\"https:\/\/www.youtube.com\/watch?v=ORGHDlWb3oQ\">Monster (Hei\u00f0rikur\u00a0\u00e1 Heygum)<\/a><\/li>\n\n\n\n<li><a href=\"https:\/\/www.youtube.com\/watch?v=rZ74BvB0WNY\">Nobody Goes To Hell For Having Loved &#8211; Fr\u00f3\u00f0i Hansen &amp; Bogi \u00e1 Borg<\/a><\/li>\n\n\n\n<li><a href=\"https:\/\/www.youtube.com\/watch?v=Lrg3VNxUwf0\">Joe &amp; The Shitboys &#8211; Macho Man Randy Savage<\/a><\/li>\n\n\n\n<li><a href=\"https:\/\/www.youtube.com\/watch?v=cRgMKKVwbhI\">Silvurdrongurin &#8211; Gay Is The New Straight<\/a><\/li>\n<\/ul>\n\n\n\n<p class=\"wp-block-paragraph\"><strong>Yrkisb\u00f3kmentir og anna\u00f0 tilfar \u00e1 f\u00f8royskum<\/strong><\/p>\n\n\n\n<ul class=\"wp-block-list\">\n<li>Fr\u00e1 \u00c1naniasi til Brahmadellarnar &#8211; T\u00f8gn og tala um samkynd \u00ed f\u00f8royskum b\u00f3kmentum (Fyrilestur vi\u00f0 Turid Sigurdard\u00f3ttir: <a href=\"https:\/\/vimeo.com\/47032202\">https:\/\/vimeo.com\/47032202<\/a>)<\/li>\n\n\n\n<li>\u00d3-s\u00f8gur av hinum slagnum &#8211; Um samkyndleika \u00ed f\u00f8royskari myndlist\u00a0(Fyrilestur vi\u00f0 Kinnu Poulsen: <a href=\"https:\/\/vimeo.com\/47007606\">https:\/\/vimeo.com\/47007606<\/a>)<\/li>\n\n\n\n<li>F\u00f8roysk LGBT myndlistas\u00f8ga (Grein hj\u00e1 Kinnu Poulsen: <a href=\"http:\/\/jay.lxn.mybluehost.me\/?page_id=2253\">http:\/\/jay.lxn.mybluehost.me\/?page_id=2253<\/a>)<\/li>\n\n\n\n<li>Gamlar f\u00f8royskar sj\u00f3nvarpssendingar um samkynd (<a href=\"http:\/\/jay.lxn.mybluehost.me\/?page_id=517\">http:\/\/jay.lxn.mybluehost.me\/?page_id=517<\/a>)<\/li>\n\n\n\n<li>Criminally Queer &#8211; Homosexuality and Criminal Law in Scandinavia 1842-1999 (Jens Rydstr\u00f6m og Kati Mustola)<\/li>\n\n\n\n<li>Hann hevur eisini skapt meg \u2013 Samr\u00f8\u00f0a \u00ed Oyggjaskeggi 5 (R\u00f3land Samuelsen)<\/li>\n\n\n\n<li>Samkynd mett s\u00f8guliga, samt\u00ed\u00f0arliga og ynski fyri framt\u00ed\u00f0ina \u2013 Grein \u00ed\u00a0 \u00a0Fr\u00e6ndafundur 6 (Bogi D. Davidsen)<\/li>\n\n\n\n<li>Hj\u00fanabandi\u00f0 \u00ed s\u00f8guligum h\u00f8pi (Greinar\u00f8\u00f0 \u00ed Sosialinum eftir Eileri Fagraklett: <a href=\"http:\/\/jay.lxn.mybluehost.me\/?page_id=2440\">http:\/\/jay.lxn.mybluehost.me\/?page_id=2440<\/a>)<\/li>\n\n\n\n<li>Teksturin stendur, men lesarin broytist (Grein eftir Turi\u00f0 Sigur\u00f0ard\u00f3ttir: <a href=\"http:\/\/setur.fo\/tidindi\/teksturin-stendur-men-lesarin-broytist\/\">http:\/\/setur.fo\/tidindi\/teksturin-stendur-men-lesarin-broytist\/<\/a><\/li>\n\n\n\n<li>At myr\u00f0a vi\u00f0 skrivarabor\u00f0i\u00f0 (J\u00f3gvan Isaksen)<\/li>\n\n\n\n<li>Betwixt and Between &#8211; Religion og religi\u00f8sitet p\u00e5 F\u00e6r\u00f8erne (Janna Hansen)<\/li>\n\n\n\n<li>Undirv\u00edsingartilfar um <a href=\"http:\/\/snar.fo\/samkynd\/\">&#8220;Samkynd giftast&#8221;<\/a> \u00e1 Snar.fo til eldri n\u00e6mingar \u00ed F\u00f3lkask\u00falanum<\/li>\n\n\n\n<li>Teir og t\u00e6r &#8211; Bitar \u00far gerandisdegnum &#8211; Myndab\u00f3k eftir\u00a0Edvardi Nyholm Debes<\/li>\n<\/ul>\n\n\n\n<p class=\"wp-block-paragraph\"><strong>&nbsp;<\/strong><\/p>\n\n\n\n<p class=\"wp-block-paragraph\"><strong>&nbsp;F\u00f8royskir stuttfilmar<\/strong><\/p>\n\n\n\n<ul class=\"wp-block-list\">\n<li>Summarmorgun (Stuttfilmur eftir Sakarisi St\u00f3r\u00e1)<\/li>\n\n\n\n<li>Vetrarmorgun (Stuttfilmur eftir Sakarisi St\u00f3r\u00e1)<\/li>\n\n\n\n<li><a href=\"https:\/\/www.youtube.com\/watch?v=OjzY-wRj9yA\">Sum einglar vit falla (Stuttfilmur eftir Mariu Winther Olsen)<\/a><\/li>\n\n\n\n<li><a href=\"https:\/\/www.youtube.com\/watch?v=aD7-V4M8Z8w\">Birting (Stuttfilmur eftir Leo L\u00e1v\u00edk)<\/a><\/li>\n<\/ul>\n\n\n\n<p class=\"wp-block-paragraph\"><strong>\u00datlendskar barnab\u00f8kur<\/strong><\/p>\n\n\n\n<ul class=\"wp-block-list\">\n<li>My Princess Boy (Cheryl Kildavos, Suzanne DeSimone)<\/li>\n\n\n\n<li>King &amp; King (Linda De Haan and Stern Nijland)<\/li>\n\n\n\n<li>King &amp; King &amp; Family (Linda De Haan and Stern Nijland)<\/li>\n\n\n\n<li>Slottet med de mange v\u00e6relser (Helene Goldberg)<\/li>\n\n\n\n<li>The Prince and the Treasure (Jeffrey a. Miles og J. L. Phillips)<\/li>\n\n\n\n<li>And Tango Makes Three (Justin Richardson og Peter Parnell)<\/li>\n\n\n\n<li>The Boy Who Cried Fabulous (Leslea Newman og Peter Ferguson)<\/li>\n\n\n\n<li>10,000 Dresses (Ewert og Marcus)<\/li>\n\n\n\n<li>The Different Dragon (Jennifer Bryan)<\/li>\n\n\n\n<li>It&#8217;s Okay To Be Different (Todd Parr)<\/li>\n\n\n\n<li>Fars nye ven (Michael Willhoite)<\/li>\n\n\n\n<li>Niller Pilfinger f\u00e5r en flyvetur (Stine Josefine Dige)<\/li>\n\n\n\n<li>Niller Pilfinger \u00e5bner Bakken (Stine Josefine Dige)<\/li>\n<\/ul>\n\n\n\n<p class=\"wp-block-paragraph\"><strong>Danskar b\u00f3kmentir<\/strong><\/p>\n\n\n\n<ul class=\"wp-block-list\">\n<li>Mika\u00ebl (Herman Bang)<\/li>\n\n\n\n<li>D\u00f8den i Venedig (Thomas Mann)<\/li>\n\n\n\n<li>Isslottet (Tarjei Vesaas)<\/li>\n\n\n\n<li>Min ven Thomas (Kirsten Holst)<\/li>\n\n\n\n<li>Kvababbelser (Knud Heickendorff)<\/li>\n\n\n\n<li>Huden er det elastiske hylster der omgiver hele legemet (Bj\u00f8rn Rasmussen)<\/li>\n<\/ul>\n\n\n\n<p class=\"wp-block-paragraph\"><strong>Enskar klassiskar b\u00f3kmentir<\/strong><\/p>\n\n\n\n<ul class=\"wp-block-list\">\n<li>The Picture of Dorian Gray (Oscar Wilde)<\/li>\n\n\n\n<li>Mrs. Dalloway (Virginia Woolf)<\/li>\n\n\n\n<li>A Single Man (Christopher Isherwood)<\/li>\n\n\n\n<li>Maurice (E.M. Forster)<\/li>\n\n\n\n<li>Giovanni&#8217;s Room (James Baldwin)<\/li>\n\n\n\n<li>Remembrance of Things Past (Marcel Proust)<\/li>\n\n\n\n<li>The City and the Pillar (Gore Vidal)<\/li>\n\n\n\n<li>The Hours (Michael Cunningham)<\/li>\n\n\n\n<li>Dandy (Jan Guillou)<\/li>\n\n\n\n<li>Tales of the City (Armistead Maupin)<\/li>\n\n\n\n<li>The Color Purple (Alice Walker)<\/li>\n\n\n\n<li>Rubyfruit Jungle (Rita Mae Brown)<\/li>\n\n\n\n<li>On the Road (Jack Kerouac)<\/li>\n\n\n\n<li>The Rules of Attraction (Bret Easton Ellis)<\/li>\n\n\n\n<li>The Perks of Being a Wallflower (Stephen Chbosky)<\/li>\n\n\n\n<li>Prayers for Bobby (Leroy Aarons)<\/li>\n\n\n\n<li>Naked Lunch (William Burroughs)<\/li>\n\n\n\n<li>Brokeback Mountain (Annie Proulx)<\/li>\n\n\n\n<li>Oranges Are not The Only Fruit (Jeanette Winterson)<\/li>\n\n\n\n<li>My Beautiful Launderette (Hanif Kureishi)<\/li>\n<\/ul>","protected":false},"excerpt":{"rendered":"<p>Barnab\u00f8kur \u00e1 f\u00f8royskum Ungd\u00f3msb\u00f8kur og stutts\u00f8gur \u00e1 f\u00f8royskum &nbsp; Skalds\u00f8gur \u00e1 f\u00f8royskum T\u00e6ttir, yrkingar, sangir og videol\u00f8g \u00e1 f\u00f8royskum Yrkisb\u00f3kmentir [&hellip;]<\/p>\n","protected":false},"author":182137770,"featured_media":0,"parent":0,"menu_order":0,"comment_status":"open","ping_status":"open","template":"","meta":{"_crdt_document":"","_uag_custom_page_level_css":"","site-sidebar-layout":"default","site-content-layout":"","ast-site-content-layout":"default","site-content-style":"default","site-sidebar-style":"default","ast-global-header-display":"","ast-banner-title-visibility":"","ast-main-header-display":"","ast-hfb-above-header-display":"","ast-hfb-below-header-display":"","ast-hfb-mobile-header-display":"","site-post-title":"","ast-breadcrumbs-content":"","ast-featured-img":"","footer-sml-layout":"","ast-disable-related-posts":"","theme-transparent-header-meta":"","adv-header-id-meta":"","stick-header-meta":"","header-above-stick-meta":"","header-main-stick-meta":"","header-below-stick-meta":"","astra-migrate-meta-layouts":"default","ast-page-background-enabled":"default","ast-page-background-meta":{"desktop":{"background-color":"var(--ast-global-color-5)","background-image":"","background-repeat":"repeat","background-position":"center center","background-size":"auto","background-attachment":"scroll","background-type":"","background-media":"","overlay-type":"","overlay-color":"","overlay-opacity":"","overlay-gradient":""},"tablet":{"background-color":"","background-image":"","background-repeat":"repeat","background-position":"center center","background-size":"auto","background-attachment":"scroll","background-type":"","background-media":"","overlay-type":"","overlay-color":"","overlay-opacity":"","overlay-gradient":""},"mobile":{"background-color":"","background-image":"","background-repeat":"repeat","background-position":"center center","background-size":"auto","background-attachment":"scroll","background-type":"","background-media":"","overlay-type":"","overlay-color":"","overlay-opacity":"","overlay-gradient":""}},"ast-content-background-meta":{"desktop":{"background-color":"var(--ast-global-color-4)","background-image":"","background-repeat":"repeat","background-position":"center center","background-size":"auto","background-attachment":"scroll","background-type":"","background-media":"","overlay-type":"","overlay-color":"","overlay-opacity":"","overlay-gradient":""},"tablet":{"background-color":"var(--ast-global-color-4)","background-image":"","background-repeat":"repeat","background-position":"center center","background-size":"auto","background-attachment":"scroll","background-type":"","background-media":"","overlay-type":"","overlay-color":"","overlay-opacity":"","overlay-gradient":""},"mobile":{"background-color":"var(--ast-global-color-4)","background-image":"","background-repeat":"repeat","background-position":"center center","background-size":"auto","background-attachment":"scroll","background-type":"","background-media":"","overlay-type":"","overlay-color":"","overlay-opacity":"","overlay-gradient":""}},"advanced_seo_description":"","jetpack_seo_html_title":"","jetpack_seo_noindex":false,"footnotes":""},"class_list":["post-1571","page","type-page","status-publish","hentry"],"uagb_featured_image_src":{"full":false,"thumbnail":false,"medium":false,"medium_large":false,"large":false,"1536x1536":false,"2048x2048":false,"trp-custom-language-flag":false,"newspack-article-block-landscape-large":false,"newspack-article-block-portrait-large":false,"newspack-article-block-square-large":false,"newspack-article-block-landscape-medium":false,"newspack-article-block-portrait-medium":false,"newspack-article-block-square-medium":false,"newspack-article-block-landscape-intermediate":false,"newspack-article-block-portrait-intermediate":false,"newspack-article-block-square-intermediate":false,"newspack-article-block-landscape-small":false,"newspack-article-block-portrait-small":false,"newspack-article-block-square-small":false,"newspack-article-block-landscape-tiny":false,"newspack-article-block-portrait-tiny":false,"newspack-article-block-square-tiny":false,"newspack-article-block-uncropped":false,"mailpoet_newsletter_max":false,"woocommerce_thumbnail":false,"woocommerce_single":false,"woocommerce_gallery_thumbnail":false},"uagb_author_info":{"display_name":"unijoh","author_link":"https:\/\/lgbt.fo\/en\/author\/unijoh\/"},"uagb_comment_info":0,"uagb_excerpt":"Barnab\u00f8kur \u00e1 f\u00f8royskum Ungd\u00f3msb\u00f8kur og stutts\u00f8gur \u00e1 f\u00f8royskum &nbsp; Skalds\u00f8gur \u00e1 f\u00f8royskum T\u00e6ttir, yrkingar, sangir og videol\u00f8g \u00e1 f\u00f8royskum Yrkisb\u00f3kmentir [&hellip;]","jetpack_sharing_enabled":true,"jetpack_shortlink":"https:\/\/wp.me\/Pgp3sg-pl","_links":{"self":[{"href":"https:\/\/lgbt.fo\/en\/wp-json\/wp\/v2\/pages\/1571","targetHints":{"allow":["GET"]}}],"collection":[{"href":"https:\/\/lgbt.fo\/en\/wp-json\/wp\/v2\/pages"}],"about":[{"href":"https:\/\/lgbt.fo\/en\/wp-json\/wp\/v2\/types\/page"}],"author":[{"embeddable":true,"href":"https:\/\/lgbt.fo\/en\/wp-json\/wp\/v2\/users\/182137770"}],"replies":[{"embeddable":true,"href":"https:\/\/lgbt.fo\/en\/wp-json\/wp\/v2\/comments?post=1571"}],"version-history":[{"count":2,"href":"https:\/\/lgbt.fo\/en\/wp-json\/wp\/v2\/pages\/1571\/revisions"}],"predecessor-version":[{"id":3364,"href":"https:\/\/lgbt.fo\/en\/wp-json\/wp\/v2\/pages\/1571\/revisions\/3364"}],"wp:attachment":[{"href":"https:\/\/lgbt.fo\/en\/wp-json\/wp\/v2\/media?parent=1571"}],"curies":[{"name":"wp","href":"https:\/\/api.w.org\/{rel}","templated":true}]}}