{"id":1565,"date":"2012-06-04T22:24:18","date_gmt":"2012-06-04T21:24:18","guid":{"rendered":"https:\/\/lgbt.fo\/lgbt-hetjur-2\/framsyning-um-hvat-er-naturligt\/"},"modified":"2026-02-15T09:47:20","modified_gmt":"2026-02-15T09:47:20","slug":"framsyningin-hvat-er-naturligt","status":"publish","type":"page","link":"https:\/\/lgbt.fo\/en\/lgbt-hetjur\/framsyningin-hvat-er-naturligt\/","title":{"rendered":"Frams\u00fdningin \u201dHvat er nat\u00farligt?\u201d"},"content":{"rendered":"<p><a href=\"https:\/\/i0.wp.com\/jay.lxn.mybluehost.me\/wp-content\/uploads\/2012\/06\/Sheep-Final-small.jpg\"><img data-recalc-dims=\"1\" loading=\"lazy\" decoding=\"async\" data-attachment-id=\"1968\" data-permalink=\"https:\/\/lgbt.fo\/en\/web9-2\/\" data-orig-file=\"https:\/\/i0.wp.com\/lgbt.fo\/wp-content\/uploads\/2012\/12\/web91.jpg?fit=430%2C573&amp;ssl=1\" data-orig-size=\"430,573\" data-comments-opened=\"1\" data-image-meta=\"{&quot;aperture&quot;:&quot;0&quot;,&quot;credit&quot;:&quot;&quot;,&quot;camera&quot;:&quot;&quot;,&quot;caption&quot;:&quot;&quot;,&quot;created_timestamp&quot;:&quot;0&quot;,&quot;copyright&quot;:&quot;&quot;,&quot;focal_length&quot;:&quot;0&quot;,&quot;iso&quot;:&quot;0&quot;,&quot;shutter_speed&quot;:&quot;0&quot;,&quot;title&quot;:&quot;&quot;,&quot;orientation&quot;:&quot;0&quot;}\" data-image-title=\"web9\" data-image-description=\"\" data-image-caption=\"\" data-medium-file=\"https:\/\/i0.wp.com\/lgbt.fo\/wp-content\/uploads\/2012\/12\/web91.jpg?fit=225%2C300&amp;ssl=1\" data-large-file=\"https:\/\/i0.wp.com\/lgbt.fo\/wp-content\/uploads\/2012\/12\/web91.jpg?fit=430%2C573&amp;ssl=1\" class=\"alignnone size-full wp-image-1968\" title=\"Sheep-Final-small\" src=\"https:\/\/i0.wp.com\/lgbt.fo\/wp-content\/uploads\/2012\/06\/Sheep-Final-small.jpg?resize=430%2C574&#038;ssl=1\" alt=\"\" width=\"430\" height=\"574\" \/><\/a><\/p>\n<p><strong><\/strong>H\u00f3skv\u00f8ldi\u00f0 26. juli 2012 ver\u00f0ur fernisering av sl\u00f3\u00f0br\u00f3tandi v\u00edsinda- og listarligari frams\u00fdning \u00ed h\u00f8lunum hj\u00e1 \u00d8str\u00f8m \u00e1 Sk\u00e1latr\u00f8\u00f0. Frams\u00fdningin, sum hevur fingi\u00f0 heiti\u00f0: \u201dHvat er nat\u00farligt?\u201d, tvinnir altj\u00f3\u00f0a gransking saman vi\u00f0 f\u00f8royskari og nor\u00f0urlendskari list \u00ed eini roynd at l\u00fdsa samkynd- og tv\u00edkyndleika millum nor\u00f0urlendsk dj\u00f3r. Hetta er ein roynd at gera f\u00f8royingar varugar vi\u00f0, at samkyndleiki er eins nat\u00farligt millum dj\u00f3r sum millum menniskju, og at samkyndleiki ikki er so \u00f3vanligt \u00ed n\u00e1tt\u00faruni, sum vit s\u00f8guliga hava havt lyndi til at hildi\u00f0.<\/p>\n<p><a href=\"https:\/\/i0.wp.com\/jay.lxn.mybluehost.me\/wp-content\/uploads\/2012\/06\/foto01-72dpi.jpg\"><img data-recalc-dims=\"1\" loading=\"lazy\" decoding=\"async\" data-attachment-id=\"1981\" data-permalink=\"https:\/\/lgbt.fo\/en\/prid\/\" data-orig-file=\"https:\/\/i0.wp.com\/lgbt.fo\/wp-content\/uploads\/2013\/06\/prid.jpg?fit=430%2C219&amp;ssl=1\" data-orig-size=\"430,219\" data-comments-opened=\"1\" data-image-meta=\"{&quot;aperture&quot;:&quot;0&quot;,&quot;credit&quot;:&quot;&quot;,&quot;camera&quot;:&quot;&quot;,&quot;caption&quot;:&quot;&quot;,&quot;created_timestamp&quot;:&quot;0&quot;,&quot;copyright&quot;:&quot;&quot;,&quot;focal_length&quot;:&quot;0&quot;,&quot;iso&quot;:&quot;0&quot;,&quot;shutter_speed&quot;:&quot;0&quot;,&quot;title&quot;:&quot;&quot;,&quot;orientation&quot;:&quot;0&quot;}\" data-image-title=\"prid\" data-image-description=\"\" data-image-caption=\"\" data-medium-file=\"https:\/\/i0.wp.com\/lgbt.fo\/wp-content\/uploads\/2013\/06\/prid.jpg?fit=300%2C153&amp;ssl=1\" data-large-file=\"https:\/\/i0.wp.com\/lgbt.fo\/wp-content\/uploads\/2013\/06\/prid.jpg?fit=430%2C219&amp;ssl=1\" class=\"alignnone size-full wp-image-1981\" title=\"foto01-72dpi\" src=\"https:\/\/i0.wp.com\/lgbt.fo\/wp-content\/uploads\/2012\/06\/foto01-72dpi.jpg?resize=430%2C280&#038;ssl=1\" alt=\"\" width=\"430\" height=\"280\" \/><\/a><\/p>\n<p>Umframt fleiri gr\u00f8nlendsk og \u00edslendsk listaf\u00f3lk, vera hesi f\u00f8roysku listaf\u00f3lkini vi\u00f0 \u00e1 frams\u00fdningini: <strong>Aggi \u00c1sger\u00f0 \u00c1sgeirsd\u00f3ttir, Astrid Maria McDonald, Beinta av Reyni, Brandur Patursson, Ditte Joensen, Eivind \u00ed Gongini, Hanni Bjartal\u00ed\u00f0, Hei\u00f0rikkur \u00e1 Heygun, Hansina Iversen, Marianna M\u00f8rk\u00f8re, Marius Listama\u00f0ur, Nerf Herdis Jakobsen, J\u00f3han Martin Christiansen, Rannv\u00e1 Holm Mortensen og Petur P\u00f3lson.<\/strong><\/p>\n<p>Amerikanski doktarin \u00ed mannfr\u00f8\u00f0i, Mariah Schug, tekur s\u00e6r av v\u00edsindaliga partinum, i\u00f0 byggir \u00e1 l\u00edknandi frams\u00fdning, sum hon hevur sett upp \u00ed New York.<\/p>\n<p><a href=\"https:\/\/i0.wp.com\/jay.lxn.mybluehost.me\/wp-content\/uploads\/2012\/06\/LGBT_ver01-50cm_finale.jpg\"><img data-recalc-dims=\"1\" loading=\"lazy\" decoding=\"async\" data-attachment-id=\"1971\" data-permalink=\"https:\/\/lgbt.fo\/en\/new12-2\/\" data-orig-file=\"https:\/\/i0.wp.com\/lgbt.fo\/wp-content\/uploads\/2012\/12\/new121.jpg?fit=430%2C159&amp;ssl=1\" data-orig-size=\"430,159\" data-comments-opened=\"1\" data-image-meta=\"{&quot;aperture&quot;:&quot;0&quot;,&quot;credit&quot;:&quot;&quot;,&quot;camera&quot;:&quot;&quot;,&quot;caption&quot;:&quot;&quot;,&quot;created_timestamp&quot;:&quot;0&quot;,&quot;copyright&quot;:&quot;&quot;,&quot;focal_length&quot;:&quot;0&quot;,&quot;iso&quot;:&quot;0&quot;,&quot;shutter_speed&quot;:&quot;0&quot;,&quot;title&quot;:&quot;&quot;,&quot;orientation&quot;:&quot;0&quot;}\" data-image-title=\"new12\" data-image-description=\"\" data-image-caption=\"\" data-medium-file=\"https:\/\/i0.wp.com\/lgbt.fo\/wp-content\/uploads\/2012\/12\/new121.jpg?fit=300%2C111&amp;ssl=1\" data-large-file=\"https:\/\/i0.wp.com\/lgbt.fo\/wp-content\/uploads\/2012\/12\/new121.jpg?fit=430%2C159&amp;ssl=1\" class=\"alignnone size-full wp-image-1971\" title=\"LGBT_ver01-50cm_finale\" src=\"https:\/\/i0.wp.com\/lgbt.fo\/wp-content\/uploads\/2012\/06\/LGBT_ver01-50cm_finale.jpg?resize=430%2C827&#038;ssl=1\" alt=\"\" width=\"430\" height=\"827\" \/><\/a><\/p>\n<p>Frams\u00fdningin er almenn og \u00f3keypis at vitja allar \u00d3lavs\u00f8kudagarnar. Frams\u00fdningin ver\u00f0ur eisini opin allan august m\u00e1na\u00f0 solei\u00f0is, at framhaldsdeildir og mi\u00f0n\u00e1mssk\u00falar f\u00e1a h\u00f8vi at v\u00edsa n\u00e6mingum frams\u00fdningina, t\u00e1 sk\u00falarnir byrja aftur. Umframt frams\u00fdningina, kunnu n\u00e6mingarnir f\u00e1a stutta framl\u00f8ga fr\u00e1 f\u00f8royskum samkyndum, i\u00f0 siga fr\u00e1, hvussu ta\u00f0 er at vera samkyndur f\u00f8royingur \u00ed 2012. Tey ungu f\u00e1a eisini h\u00f8vi at seta spurningar.<\/p>\n<p>LGBT F\u00f8royar, i\u00f0 er r\u00f8rsla fyri samkynd, tv\u00edkynd og transpers\u00f3nar \u00ed F\u00f8royar, skipar fyri \u00f8llum tilt\u00f8kunum vi\u00f0 stu\u00f0li fr\u00e1 og \u00ed samstarvi vi\u00f0 T\u00f3rshavnar kommunu, Mentarnargrunni Landsins og Nordisk Kulturfond.<\/p>\n<p>&nbsp;<\/p>\n<p style=\"text-align: left;\"><a href=\"https:\/\/i0.wp.com\/jay.lxn.mybluehost.me\/wp-content\/uploads\/2012\/06\/norden.jpg\"><img data-recalc-dims=\"1\" loading=\"lazy\" decoding=\"async\" data-attachment-id=\"1969\" data-permalink=\"https:\/\/lgbt.fo\/en\/new10-2\/\" data-orig-file=\"https:\/\/i0.wp.com\/lgbt.fo\/wp-content\/uploads\/2012\/12\/new101.jpg?fit=430%2C212&amp;ssl=1\" data-orig-size=\"430,212\" data-comments-opened=\"1\" data-image-meta=\"{&quot;aperture&quot;:&quot;0&quot;,&quot;credit&quot;:&quot;&quot;,&quot;camera&quot;:&quot;&quot;,&quot;caption&quot;:&quot;&quot;,&quot;created_timestamp&quot;:&quot;0&quot;,&quot;copyright&quot;:&quot;&quot;,&quot;focal_length&quot;:&quot;0&quot;,&quot;iso&quot;:&quot;0&quot;,&quot;shutter_speed&quot;:&quot;0&quot;,&quot;title&quot;:&quot;&quot;,&quot;orientation&quot;:&quot;0&quot;}\" data-image-title=\"new10\" data-image-description=\"\" data-image-caption=\"\" data-medium-file=\"https:\/\/i0.wp.com\/lgbt.fo\/wp-content\/uploads\/2012\/12\/new101.jpg?fit=300%2C148&amp;ssl=1\" data-large-file=\"https:\/\/i0.wp.com\/lgbt.fo\/wp-content\/uploads\/2012\/12\/new101.jpg?fit=430%2C212&amp;ssl=1\" class=\"alignnone size-full wp-image-1969\" title=\"norden\" src=\"https:\/\/i0.wp.com\/lgbt.fo\/wp-content\/uploads\/2012\/06\/norden.jpg?resize=430%2C168&#038;ssl=1\" alt=\"\" width=\"430\" height=\"168\" \/><\/a><\/p>\n<p><em><strong>English:<\/strong><\/em><\/p>\n<p>Diversity of the North is the name of the new educational exhibit by LGBT Faroe Islands. The exhibit will include artistic representations and scientific descriptions of Nordic animals that engage in homosexual and bisexual behaviours. The aim is to challenge the oversimplified definitions of \u201cnatural\u201d sexual behaviour, and thereby increase tolerance for and support of the local LGBT population.<\/p>\n<p>The exhibition is sponsored by the Nordic Cultural Foundation<\/p>","protected":false},"excerpt":{"rendered":"<p>H\u00f3skv\u00f8ldi\u00f0 26. juli 2012 ver\u00f0ur fernisering av sl\u00f3\u00f0br\u00f3tandi v\u00edsinda- og listarligari frams\u00fdning \u00ed h\u00f8lunum hj\u00e1 \u00d8str\u00f8m \u00e1 Sk\u00e1latr\u00f8\u00f0. Frams\u00fdningin, sum [&hellip;]<\/p>\n","protected":false},"author":182137770,"featured_media":0,"parent":1540,"menu_order":0,"comment_status":"open","ping_status":"open","template":"","meta":{"_crdt_document":"","_uag_custom_page_level_css":"","site-sidebar-layout":"default","site-content-layout":"","ast-site-content-layout":"default","site-content-style":"default","site-sidebar-style":"default","ast-global-header-display":"","ast-banner-title-visibility":"","ast-main-header-display":"","ast-hfb-above-header-display":"","ast-hfb-below-header-display":"","ast-hfb-mobile-header-display":"","site-post-title":"","ast-breadcrumbs-content":"","ast-featured-img":"","footer-sml-layout":"","ast-disable-related-posts":"","theme-transparent-header-meta":"","adv-header-id-meta":"","stick-header-meta":"","header-above-stick-meta":"","header-main-stick-meta":"","header-below-stick-meta":"","astra-migrate-meta-layouts":"default","ast-page-background-enabled":"default","ast-page-background-meta":{"desktop":{"background-color":"var(--ast-global-color-5)","background-image":"","background-repeat":"repeat","background-position":"center center","background-size":"auto","background-attachment":"scroll","background-type":"","background-media":"","overlay-type":"","overlay-color":"","overlay-opacity":"","overlay-gradient":""},"tablet":{"background-color":"","background-image":"","background-repeat":"repeat","background-position":"center center","background-size":"auto","background-attachment":"scroll","background-type":"","background-media":"","overlay-type":"","overlay-color":"","overlay-opacity":"","overlay-gradient":""},"mobile":{"background-color":"","background-image":"","background-repeat":"repeat","background-position":"center center","background-size":"auto","background-attachment":"scroll","background-type":"","background-media":"","overlay-type":"","overlay-color":"","overlay-opacity":"","overlay-gradient":""}},"ast-content-background-meta":{"desktop":{"background-color":"var(--ast-global-color-4)","background-image":"","background-repeat":"repeat","background-position":"center center","background-size":"auto","background-attachment":"scroll","background-type":"","background-media":"","overlay-type":"","overlay-color":"","overlay-opacity":"","overlay-gradient":""},"tablet":{"background-color":"var(--ast-global-color-4)","background-image":"","background-repeat":"repeat","background-position":"center center","background-size":"auto","background-attachment":"scroll","background-type":"","background-media":"","overlay-type":"","overlay-color":"","overlay-opacity":"","overlay-gradient":""},"mobile":{"background-color":"var(--ast-global-color-4)","background-image":"","background-repeat":"repeat","background-position":"center center","background-size":"auto","background-attachment":"scroll","background-type":"","background-media":"","overlay-type":"","overlay-color":"","overlay-opacity":"","overlay-gradient":""}},"advanced_seo_description":"","jetpack_seo_html_title":"","jetpack_seo_noindex":false,"footnotes":""},"class_list":["post-1565","page","type-page","status-publish","hentry"],"uagb_featured_image_src":{"full":false,"thumbnail":false,"medium":false,"medium_large":false,"large":false,"1536x1536":false,"2048x2048":false,"trp-custom-language-flag":false,"newspack-article-block-landscape-large":false,"newspack-article-block-portrait-large":false,"newspack-article-block-square-large":false,"newspack-article-block-landscape-medium":false,"newspack-article-block-portrait-medium":false,"newspack-article-block-square-medium":false,"newspack-article-block-landscape-intermediate":false,"newspack-article-block-portrait-intermediate":false,"newspack-article-block-square-intermediate":false,"newspack-article-block-landscape-small":false,"newspack-article-block-portrait-small":false,"newspack-article-block-square-small":false,"newspack-article-block-landscape-tiny":false,"newspack-article-block-portrait-tiny":false,"newspack-article-block-square-tiny":false,"newspack-article-block-uncropped":false,"mailpoet_newsletter_max":false,"woocommerce_thumbnail":false,"woocommerce_single":false,"woocommerce_gallery_thumbnail":false},"uagb_author_info":{"display_name":"unijoh","author_link":"https:\/\/lgbt.fo\/en\/author\/unijoh\/"},"uagb_comment_info":0,"uagb_excerpt":"H\u00f3skv\u00f8ldi\u00f0 26. juli 2012 ver\u00f0ur fernisering av sl\u00f3\u00f0br\u00f3tandi v\u00edsinda- og listarligari frams\u00fdning \u00ed h\u00f8lunum hj\u00e1 \u00d8str\u00f8m \u00e1 Sk\u00e1latr\u00f8\u00f0. Frams\u00fdningin, sum [&hellip;]","jetpack_sharing_enabled":true,"jetpack_shortlink":"https:\/\/wp.me\/Pgp3sg-pf","_links":{"self":[{"href":"https:\/\/lgbt.fo\/en\/wp-json\/wp\/v2\/pages\/1565","targetHints":{"allow":["GET"]}}],"collection":[{"href":"https:\/\/lgbt.fo\/en\/wp-json\/wp\/v2\/pages"}],"about":[{"href":"https:\/\/lgbt.fo\/en\/wp-json\/wp\/v2\/types\/page"}],"author":[{"embeddable":true,"href":"https:\/\/lgbt.fo\/en\/wp-json\/wp\/v2\/users\/182137770"}],"replies":[{"embeddable":true,"href":"https:\/\/lgbt.fo\/en\/wp-json\/wp\/v2\/comments?post=1565"}],"version-history":[{"count":2,"href":"https:\/\/lgbt.fo\/en\/wp-json\/wp\/v2\/pages\/1565\/revisions"}],"predecessor-version":[{"id":3387,"href":"https:\/\/lgbt.fo\/en\/wp-json\/wp\/v2\/pages\/1565\/revisions\/3387"}],"up":[{"embeddable":true,"href":"https:\/\/lgbt.fo\/en\/wp-json\/wp\/v2\/pages\/1540"}],"wp:attachment":[{"href":"https:\/\/lgbt.fo\/en\/wp-json\/wp\/v2\/media?parent=1565"}],"curies":[{"name":"wp","href":"https:\/\/api.w.org\/{rel}","templated":true}]}}