{"id":1549,"date":"2011-07-08T17:38:49","date_gmt":"2011-07-08T16:38:49","guid":{"rendered":"https:\/\/lgbt.fo\/lgbt-hetjur-2\/avvardandi\/"},"modified":"2026-02-15T13:17:31","modified_gmt":"2026-02-15T13:17:31","slug":"avvardandi","status":"publish","type":"page","link":"https:\/\/lgbt.fo\/en\/avvardandi\/","title":{"rendered":"Avvar\u00f0andi"},"content":{"rendered":"<div class=\"wp-block-uagb-image uagb-block-32e28b83 wp-block-uagb-image--layout-default wp-block-uagb-image--effect-static wp-block-uagb-image--align-none\"><figure class=\"wp-block-uagb-image__figure\"><a class=\"\" href=\"https:\/\/i0.wp.com\/lgbt.fo\/wp-content\/uploads\/2011\/08\/Some_Family_s_Values-597x795-2.jpg?ssl=1\" target=\"\" rel=\"noopener\"><img data-recalc-dims=\"1\" decoding=\"async\" srcset=\"https:\/\/lgbt.fo\/wp-content\/uploads\/2011\/08\/Some_Family_s_Values-597x795-2-235x300.jpg ,https:\/\/lgbt.fo\/wp-content\/uploads\/2011\/08\/Some_Family_s_Values-597x795-2.jpg 780w, https:\/\/lgbt.fo\/wp-content\/uploads\/2011\/08\/Some_Family_s_Values-597x795-2.jpg 360w\" sizes=\"auto, (max-width: 480px) 150px\" src=\"https:\/\/i0.wp.com\/lgbt.fo\/wp-content\/uploads\/2011\/08\/Some_Family_s_Values-597x795-2.jpg?resize=235%2C300&#038;ssl=1\" alt=\"\" class=\"uag-image-2121\" width=\"235\" height=\"300\" title=\"Some_Family_s_Values-597x795\" loading=\"lazy\" role=\"img\"\/><\/a><\/figure><\/div>\n\n\n\n<p class=\"wp-block-paragraph\">Fyri tey flestu avvar\u00f0andi er ta\u00f0, at f\u00e1a at vita, at barn t\u00edtt er samkynt, tv\u00edkynt ella tv\u00f8rkynt, ikki naka\u00f0 t\u00fa v\u00e6ntar. T\u00edskil ver\u00f0ur t\u00fa ofta tikin \u00e1 b\u00f3li vi\u00f0 t\u00ed\u00f0indunum.<\/p>\n\n\n\n<div class=\"wp-block-uagb-image uagb-block-0d4ff850 wp-block-uagb-image--layout-default wp-block-uagb-image--effect-static wp-block-uagb-image--align-none\"><figure class=\"wp-block-uagb-image__figure\"><a class=\"\" href=\"https:\/\/i0.wp.com\/lgbt.fo\/wp-content\/uploads\/2020\/09\/foreldur-prent.png?ssl=1\" target=\"\" rel=\"noopener\"><img data-recalc-dims=\"1\" decoding=\"async\" srcset=\"https:\/\/lgbt.fo\/wp-content\/uploads\/2020\/09\/foreldur-prent.png ,https:\/\/lgbt.fo\/wp-content\/uploads\/2020\/09\/foreldur-prent.png 780w, https:\/\/lgbt.fo\/wp-content\/uploads\/2020\/09\/foreldur-prent.png 360w\" sizes=\"auto, (max-width: 480px) 150px\" src=\"https:\/\/i0.wp.com\/lgbt.fo\/wp-content\/uploads\/2020\/09\/foreldur-prent.png?resize=2500%2C3406&#038;ssl=1\" alt=\"\" class=\"uag-image-1505\" width=\"2500\" height=\"3406\" title=\"foreldur-prent\" loading=\"lazy\" role=\"img\"\/><\/a><\/figure><\/div>\n\n\n\n<p class=\"wp-block-paragraph\">Ta\u00f0 er umr\u00e1\u00f0andi, at t\u00fa tekur \u00edm\u00f3ti t\u00ed\u00f0indunum vi\u00f0 opnum sinni. N\u00f3gv samkynd, tv\u00edkynd og tv\u00f8rkynd minnast enn \u00e1, hvussu ringt ta\u00f0 var at siga, hvat t\u00fa ert, og hvussu neiliga summi foreldrini t\u00f3ku \u00edm\u00f3ti t\u00ed\u00f0indunum. Ta\u00f0, sum fyri tey sj\u00e1lvi ofta er eitt sera jaligt upplivilsi, kann gerst eitt sera neiligt upplivilsi \u00ed sprettisamr\u00f8\u00f0uni vi\u00f0 foreldur og onnur avvar\u00f0andi.<\/p>\n\n\n\n<p class=\"wp-block-paragraph\">T\u00e1 d\u00f3ttir t\u00edn ella sonur t\u00edn er komin hagar, at tey eru kl\u00e1r at spretta og siga t\u00e6r sannleikan, so eru tey aloftast p\u00fara grei\u00f0ur yvir, at vi\u00f0komandi er samkynd\/ur, tv\u00edkynd\/ur ella tv\u00f8rkynd\/ur. Talan er ikki um eina fasu \u00ed eitt styttri t\u00ed\u00f0arskei\u00f0, og so ver\u00f0ur vent aftur til &#8220;leiklutin&#8221; sum hinskynd\/ur.<\/p>\n\n\n\n<p class=\"wp-block-paragraph\">Talan er sj\u00e1lvandi ikki um eitt val. Vit eru \u00f8ll f\u00f8dd solei\u00f0is, og hev\u00f0i t\u00fa kunna valt, so hev\u00f0i t\u00fa neyvan valt at vera t.d. samkyndur, t\u00ed dagsins samfelag hevur gj\u00f8rt ta\u00f0 munandi l\u00e6ttari at veri\u00f0 hinskyndur. Men solei\u00f0is er l\u00edvi\u00f0 bara ikki, og t\u00ed mugu avvar\u00f0andi fyrihalda seg vi\u00f0 tann veruleika tey liva \u00ed.<\/p>\n\n\n\n<p class=\"wp-block-paragraph\"><strong>N\u00fa veitst t\u00fa ta\u00f0! &#8211; Hvat so?<\/strong><\/p>\n\n\n\n<p class=\"wp-block-paragraph\">Ta\u00f0 kann v\u00e6l vera, at t\u00fa sum foreldur fert at uppliva sorg, vrei\u00f0i, skuldarkenslu og eina kenslu av at hava &#8220;mist&#8221; t\u00edtt barn.<\/p>\n\n\n\n<p class=\"wp-block-paragraph\">Allar hesar kenslur eru vanligar og p\u00fara nat\u00farligar. Men ta\u00f0 er t\u00fddningarmiki\u00f0, at t\u00fa minist til, at barn t\u00edtt er ikki broytt, ta\u00f0 er akkur\u00e1t sami pers\u00f3nur, sum t\u00fa hevur givi\u00f0 l\u00edvs og elska s\u00ed\u00f0ani ta\u00f0 var\u00f0 f\u00f8tt.<\/p>\n\n\n\n<p class=\"wp-block-paragraph\">T\u00fa kanst eisini gerast bilsin yvir, hvussu n\u00f3gvar g\u00f3\u00f0a eginleikar eitt LGBT barn kann hava, sum t\u00fa ikki hev\u00f0i fingi\u00f0 vi\u00f0 einum hinskyndum barni. Annars eru ikki teir st\u00f3ru munirnir \u00e1 samkyndum og hinskyndum b\u00f8rnum. Tey hava \u00f8ll sama k\u00e6rleika til s\u00edni foreldur, tey forelska seg \u00ed \u00f8\u00f0rum f\u00f3lkum, tey kenna hjartasorg, tey stovna s\u00edna egnu familju og tey hj\u00e1lpa s\u00ednum foreldrum, t\u00e1 i\u00f0 tey hava t\u00f8rv \u00e1 t\u00ed.<\/p>\n\n\n\n<p class=\"wp-block-paragraph\">Stu\u00f0la t\u00ednum samkynda barni \u00ed teirra veruliga kynsleika &#8211; ta\u00f0 styrkir tann samkynda og kann vera vi\u00f0 til, at vi\u00f0komandi fer at tr\u00edvast sum samkynd\/ur \u00ed F\u00f8royum. Ger eisini, at barni\u00f0 ikki kennir seg noyddan at flyta av landinum, eins og onnur \u00e6ttarli\u00f0 framman undan hava kent seg noyddan til.<\/p>\n\n\n\n<p class=\"wp-block-paragraph\">Avvar\u00f0andi er ikki einans foreldur. Ta\u00f0 eru eisini onnur \u00ed familjuni, vinir, kenningar, grannar og starvsfelagar. Men ta\u00f0 kann eisini vera b\u00f8rn og fyrrverandi hj\u00fanafelagar hj\u00e1 samkyndum, tv\u00edkyndum og tv\u00f8rkyndum.<\/p>\n\n\n\n<p class=\"wp-block-paragraph\"><strong>Samband<\/strong><\/p>\n\n\n\n<p class=\"wp-block-paragraph\">Ynskir t\u00fa sum avvar\u00f0andi at tosa um t\u00edni vi\u00f0urksifti, so ber til at seta teg \u00ed samband vi\u00f0 &#8220;LGBT r\u00e1\u00f0gevingina&#8221; \u00e1 lgbt@lgbt.fo. Vit lurta og veglei\u00f0a t\u00e6r fegin.<\/p>\n\n\n\n<p class=\"wp-block-paragraph\">Vit hava eisini ein stu\u00f0ulsb\u00f3lk fyri foreldur at samkyndum, tv\u00edkyndum og transpers\u00f3num. Ynskir t\u00fa at taka lut \u00ed hesum b\u00f3lk, so ber til at melda teg til umvegis teldupost: lgbt@lgbt.fo<\/p>\n\n\n\n<p class=\"wp-block-paragraph\">Um n\u00f3g st\u00f3rur \u00e1hugi er, vilja vit fegin vera vi\u00f0 til at seta \u00e1 stovn enn fleiri stu\u00f0ulsb\u00f3lkar fyri onnur avvar\u00f0andi.<\/p>","protected":false},"excerpt":{"rendered":"<p>Fyri tey flestu avvar\u00f0andi er ta\u00f0, at f\u00e1a at vita, at barn t\u00edtt er samkynt, tv\u00edkynt ella tv\u00f8rkynt, ikki naka\u00f0 [&hellip;]<\/p>\n","protected":false},"author":182137770,"featured_media":0,"parent":0,"menu_order":0,"comment_status":"open","ping_status":"open","template":"","meta":{"_crdt_document":"","_uag_custom_page_level_css":"","site-sidebar-layout":"default","site-content-layout":"","ast-site-content-layout":"default","site-content-style":"default","site-sidebar-style":"default","ast-global-header-display":"","ast-banner-title-visibility":"","ast-main-header-display":"","ast-hfb-above-header-display":"","ast-hfb-below-header-display":"","ast-hfb-mobile-header-display":"","site-post-title":"","ast-breadcrumbs-content":"","ast-featured-img":"","footer-sml-layout":"","ast-disable-related-posts":"","theme-transparent-header-meta":"","adv-header-id-meta":"","stick-header-meta":"","header-above-stick-meta":"","header-main-stick-meta":"","header-below-stick-meta":"","astra-migrate-meta-layouts":"default","ast-page-background-enabled":"default","ast-page-background-meta":{"desktop":{"background-color":"var(--ast-global-color-5)","background-image":"","background-repeat":"repeat","background-position":"center center","background-size":"auto","background-attachment":"scroll","background-type":"","background-media":"","overlay-type":"","overlay-color":"","overlay-opacity":"","overlay-gradient":""},"tablet":{"background-color":"","background-image":"","background-repeat":"repeat","background-position":"center center","background-size":"auto","background-attachment":"scroll","background-type":"","background-media":"","overlay-type":"","overlay-color":"","overlay-opacity":"","overlay-gradient":""},"mobile":{"background-color":"","background-image":"","background-repeat":"repeat","background-position":"center center","background-size":"auto","background-attachment":"scroll","background-type":"","background-media":"","overlay-type":"","overlay-color":"","overlay-opacity":"","overlay-gradient":""}},"ast-content-background-meta":{"desktop":{"background-color":"var(--ast-global-color-4)","background-image":"","background-repeat":"repeat","background-position":"center center","background-size":"auto","background-attachment":"scroll","background-type":"","background-media":"","overlay-type":"","overlay-color":"","overlay-opacity":"","overlay-gradient":""},"tablet":{"background-color":"var(--ast-global-color-4)","background-image":"","background-repeat":"repeat","background-position":"center center","background-size":"auto","background-attachment":"scroll","background-type":"","background-media":"","overlay-type":"","overlay-color":"","overlay-opacity":"","overlay-gradient":""},"mobile":{"background-color":"var(--ast-global-color-4)","background-image":"","background-repeat":"repeat","background-position":"center center","background-size":"auto","background-attachment":"scroll","background-type":"","background-media":"","overlay-type":"","overlay-color":"","overlay-opacity":"","overlay-gradient":""}},"advanced_seo_description":"","jetpack_seo_html_title":"","jetpack_seo_noindex":false,"footnotes":""},"class_list":["post-1549","page","type-page","status-publish","hentry"],"uagb_featured_image_src":{"full":false,"thumbnail":false,"medium":false,"medium_large":false,"large":false,"1536x1536":false,"2048x2048":false,"trp-custom-language-flag":false,"newspack-article-block-landscape-large":false,"newspack-article-block-portrait-large":false,"newspack-article-block-square-large":false,"newspack-article-block-landscape-medium":false,"newspack-article-block-portrait-medium":false,"newspack-article-block-square-medium":false,"newspack-article-block-landscape-intermediate":false,"newspack-article-block-portrait-intermediate":false,"newspack-article-block-square-intermediate":false,"newspack-article-block-landscape-small":false,"newspack-article-block-portrait-small":false,"newspack-article-block-square-small":false,"newspack-article-block-landscape-tiny":false,"newspack-article-block-portrait-tiny":false,"newspack-article-block-square-tiny":false,"newspack-article-block-uncropped":false,"mailpoet_newsletter_max":false,"woocommerce_thumbnail":false,"woocommerce_single":false,"woocommerce_gallery_thumbnail":false},"uagb_author_info":{"display_name":"unijoh","author_link":"https:\/\/lgbt.fo\/en\/author\/unijoh\/"},"uagb_comment_info":0,"uagb_excerpt":"Fyri tey flestu avvar\u00f0andi er ta\u00f0, at f\u00e1a at vita, at barn t\u00edtt er samkynt, tv\u00edkynt ella tv\u00f8rkynt, ikki naka\u00f0 [&hellip;]","jetpack_sharing_enabled":true,"jetpack_shortlink":"https:\/\/wp.me\/Pgp3sg-oZ","_links":{"self":[{"href":"https:\/\/lgbt.fo\/en\/wp-json\/wp\/v2\/pages\/1549","targetHints":{"allow":["GET"]}}],"collection":[{"href":"https:\/\/lgbt.fo\/en\/wp-json\/wp\/v2\/pages"}],"about":[{"href":"https:\/\/lgbt.fo\/en\/wp-json\/wp\/v2\/types\/page"}],"author":[{"embeddable":true,"href":"https:\/\/lgbt.fo\/en\/wp-json\/wp\/v2\/users\/182137770"}],"replies":[{"embeddable":true,"href":"https:\/\/lgbt.fo\/en\/wp-json\/wp\/v2\/comments?post=1549"}],"version-history":[{"count":2,"href":"https:\/\/lgbt.fo\/en\/wp-json\/wp\/v2\/pages\/1549\/revisions"}],"predecessor-version":[{"id":2725,"href":"https:\/\/lgbt.fo\/en\/wp-json\/wp\/v2\/pages\/1549\/revisions\/2725"}],"wp:attachment":[{"href":"https:\/\/lgbt.fo\/en\/wp-json\/wp\/v2\/media?parent=1549"}],"curies":[{"name":"wp","href":"https:\/\/api.w.org\/{rel}","templated":true}]}}