{"id":1548,"date":"2011-07-08T17:38:09","date_gmt":"2011-07-08T16:38:09","guid":{"rendered":"https:\/\/lgbt.fo\/lgbt-hetjur-2\/at-spretta\/"},"modified":"2025-06-09T02:16:45","modified_gmt":"2025-06-09T01:16:45","slug":"at-spretta","status":"publish","type":"page","link":"https:\/\/lgbt.fo\/en\/lgbt-hetjur\/at-spretta\/","title":{"rendered":"At spretta"},"content":{"rendered":"<p class=\"wp-block-paragraph\">At spretta merkir m.a. at g\u00f3\u00f0taka s\u00edna kynsligu \u00e1bending, og at liva \u00ed semju vi\u00f0 seg sj\u00e1lvan og s\u00ednum samleika. Ta\u00f0 kann lj\u00f3\u00f0a sera einfalt, men \u00ed flestu f\u00f8rum er tilgongdin fl\u00f8kt og torf\u00f8r, t\u00ed ta\u00f0 eru n\u00f3gv vi\u00f0urskifti, i\u00f0 gera seg galdandi.<\/p>\n\n\n\n<p class=\"wp-block-paragraph\">Hvussu fortelur t\u00fa familjuni ta\u00f0?<\/p>\n\n\n\n<p class=\"wp-block-paragraph\">Hvat fara tey at halda?<\/p>\n\n\n\n<p class=\"wp-block-paragraph\">Hvat fara tey \u00ed sk\u00falanum ella arbei\u00f0inum at siga?<\/p>\n\n\n\n<p class=\"wp-block-paragraph\">N\u00e6r skalt t\u00fa siga ta\u00f0?<\/p>\n\n\n\n<p class=\"wp-block-paragraph\">Og kann ta\u00f0 veruliga passa, at t\u00fa ert ein av \u201cteimum\u201d?<\/p>\n\n\n\n<div class=\"wp-block-uagb-image uagb-block-b6155045 wp-block-uagb-image--layout-default wp-block-uagb-image--effect-static wp-block-uagb-image--align-none\"><figure class=\"wp-block-uagb-image__figure\"><a class=\"\" href=\"https:\/\/i0.wp.com\/lgbt.fo\/wp-content\/uploads\/2011\/07\/shutterstock_69899920.jpg?ssl=1\" target=\"\" rel=\"noopener\"><img data-recalc-dims=\"1\" decoding=\"async\" srcset=\"https:\/\/lgbt.fo\/wp-content\/uploads\/2011\/07\/shutterstock_69899920-225x300.jpg ,https:\/\/lgbt.fo\/wp-content\/uploads\/2011\/07\/shutterstock_69899920.jpg 780w, https:\/\/lgbt.fo\/wp-content\/uploads\/2011\/07\/shutterstock_69899920.jpg 360w\" sizes=\"auto, (max-width: 480px) 150px\" src=\"https:\/\/i0.wp.com\/lgbt.fo\/wp-content\/uploads\/2011\/07\/shutterstock_69899920.jpg?resize=225%2C300&#038;ssl=1\" alt=\"\" class=\"uag-image-1324\" width=\"225\" height=\"300\" title=\"shutterstock_69899920\" loading=\"lazy\" role=\"img\"\/><\/a><\/figure><\/div>\n\n\n\n<p class=\"wp-block-paragraph\">Fyrsta stigi\u00f0 er at g\u00f3\u00f0kenna og g\u00f3\u00f0taka seg sj\u00e1lvum, men ta\u00f0 gerst ofta l\u00e6ttari at vi\u00f0urkenna, um t\u00fa pr\u00e1tar vi\u00f0 vinf\u00f3lk ella familju um st\u00f8\u00f0una, h\u00f3ast ta\u00f0 kann vera torf\u00f8rt. N\u00f8kur hava t\u00f8rv \u00e1 at venda s\u00e6r til ymsar r\u00e1\u00f0gevingar, me\u00f0an onnur bara hava t\u00f8rv \u00e1 at seta or\u00f0 \u00e1 kenslurnar fyri veruliga at spretta.<\/p>\n\n\n\n<p class=\"wp-block-paragraph\">Ta\u00f0 at spretta kann gerast ein long tilgongd, sum n\u00f3gv velja at taka stig fyri stig. T\u00fa sprettir m.a. fyri familju, vinf\u00f3lkum, starvsfel\u00f8gunum og \u00f8\u00f0rum kenningum. Me\u00f0an n\u00f8kur velja at spretta stigv\u00edst, velja onnur at gera ta\u00f0 \u00ed einum.<\/p>\n\n\n\n<p class=\"wp-block-paragraph\">L\u00edkamiki\u00f0 um t\u00fa gert av at taka lei\u00f0ina stig fyri stig ella \u00ed einum lopi, so er t\u00fddningarmiki\u00f0 at minnast til, at vinf\u00f3lk, starvsfelagar og serliga familja, eisini skulu hava t\u00ed\u00f0 at venja seg vi\u00f0 \u201cbroytingina\u201d. T.d. hava n\u00f3gv foreldur hugsanir um, hvussu framt\u00ed\u00f0in hj\u00e1 barni teirra fer at laga seg, og hendan hugsanin kollveltist, t\u00e1 t\u00fa fortelur foreldrunum um t\u00edna kynsligu \u00e1bending \u2013 og ta\u00f0 er p\u00fara vanligt.<\/p>\n\n\n\n<p class=\"wp-block-paragraph\">F\u00e1a vit ommu- og abbab\u00f8rn? Hvussu ver\u00f0ur vi\u00f0 hj\u00fanast\u00f8\u00f0uni hj\u00e1 barninum? Ver\u00f0ur barn okkara fyri mismuni? Fer ta\u00f0 so at liva l\u00edvi\u00f0 einsamalt? Sl\u00edkir spurningar fylla n\u00f3gv hj\u00e1 foreldrum, men sum t\u00ed\u00f0in l\u00ed\u00f0ir, broytast eisini hesar hugsanir, t\u00e1 i\u00f0 foreldur og onnur s\u00edggja, at ta\u00f0 v\u00e6l ber til hj\u00e1 tveimum av sama kyni at ver\u00f0a gift, eiga og uppala b\u00f8rn og liva eins og onnur.<\/p>\n\n\n\n<p class=\"wp-block-paragraph\">T\u00fddningarmest er t\u00f3, at t\u00fa ert tr\u00fagvur \u00edm\u00f3ti t\u00e6r sj\u00e1lvum og g\u00f3\u00f0tekur allar lutir av t\u00ednum samleika. T\u00e1 t\u00fa ert komin til s\u00e6ttis vi\u00f0 st\u00f8\u00f0una og ert sprottin, kanst t\u00fa av \u00e1lvara bl\u00f3ma.<\/p>","protected":false},"excerpt":{"rendered":"<p>At spretta merkir m.a. at g\u00f3\u00f0taka s\u00edna kynsligu \u00e1bending, og at liva \u00ed semju vi\u00f0 seg sj\u00e1lvan og s\u00ednum samleika. [&hellip;]<\/p>\n","protected":false},"author":182137770,"featured_media":0,"parent":1540,"menu_order":0,"comment_status":"open","ping_status":"open","template":"","meta":{"_crdt_document":"","_uag_custom_page_level_css":"","site-sidebar-layout":"default","site-content-layout":"","ast-site-content-layout":"default","site-content-style":"default","site-sidebar-style":"default","ast-global-header-display":"","ast-banner-title-visibility":"","ast-main-header-display":"","ast-hfb-above-header-display":"","ast-hfb-below-header-display":"","ast-hfb-mobile-header-display":"","site-post-title":"","ast-breadcrumbs-content":"","ast-featured-img":"","footer-sml-layout":"","ast-disable-related-posts":"","theme-transparent-header-meta":"","adv-header-id-meta":"","stick-header-meta":"","header-above-stick-meta":"","header-main-stick-meta":"","header-below-stick-meta":"","astra-migrate-meta-layouts":"default","ast-page-background-enabled":"default","ast-page-background-meta":{"desktop":{"background-color":"var(--ast-global-color-5)","background-image":"","background-repeat":"repeat","background-position":"center center","background-size":"auto","background-attachment":"scroll","background-type":"","background-media":"","overlay-type":"","overlay-color":"","overlay-opacity":"","overlay-gradient":""},"tablet":{"background-color":"","background-image":"","background-repeat":"repeat","background-position":"center center","background-size":"auto","background-attachment":"scroll","background-type":"","background-media":"","overlay-type":"","overlay-color":"","overlay-opacity":"","overlay-gradient":""},"mobile":{"background-color":"","background-image":"","background-repeat":"repeat","background-position":"center center","background-size":"auto","background-attachment":"scroll","background-type":"","background-media":"","overlay-type":"","overlay-color":"","overlay-opacity":"","overlay-gradient":""}},"ast-content-background-meta":{"desktop":{"background-color":"var(--ast-global-color-4)","background-image":"","background-repeat":"repeat","background-position":"center center","background-size":"auto","background-attachment":"scroll","background-type":"","background-media":"","overlay-type":"","overlay-color":"","overlay-opacity":"","overlay-gradient":""},"tablet":{"background-color":"var(--ast-global-color-4)","background-image":"","background-repeat":"repeat","background-position":"center center","background-size":"auto","background-attachment":"scroll","background-type":"","background-media":"","overlay-type":"","overlay-color":"","overlay-opacity":"","overlay-gradient":""},"mobile":{"background-color":"var(--ast-global-color-4)","background-image":"","background-repeat":"repeat","background-position":"center center","background-size":"auto","background-attachment":"scroll","background-type":"","background-media":"","overlay-type":"","overlay-color":"","overlay-opacity":"","overlay-gradient":""}},"advanced_seo_description":"","jetpack_seo_html_title":"","jetpack_seo_noindex":false,"footnotes":""},"class_list":["post-1548","page","type-page","status-publish","hentry"],"uagb_featured_image_src":{"full":false,"thumbnail":false,"medium":false,"medium_large":false,"large":false,"1536x1536":false,"2048x2048":false,"trp-custom-language-flag":false,"newspack-article-block-landscape-large":false,"newspack-article-block-portrait-large":false,"newspack-article-block-square-large":false,"newspack-article-block-landscape-medium":false,"newspack-article-block-portrait-medium":false,"newspack-article-block-square-medium":false,"newspack-article-block-landscape-intermediate":false,"newspack-article-block-portrait-intermediate":false,"newspack-article-block-square-intermediate":false,"newspack-article-block-landscape-small":false,"newspack-article-block-portrait-small":false,"newspack-article-block-square-small":false,"newspack-article-block-landscape-tiny":false,"newspack-article-block-portrait-tiny":false,"newspack-article-block-square-tiny":false,"newspack-article-block-uncropped":false,"mailpoet_newsletter_max":false,"woocommerce_thumbnail":false,"woocommerce_single":false,"woocommerce_gallery_thumbnail":false},"uagb_author_info":{"display_name":"unijoh","author_link":"https:\/\/lgbt.fo\/en\/author\/unijoh\/"},"uagb_comment_info":0,"uagb_excerpt":"At spretta merkir m.a. at g\u00f3\u00f0taka s\u00edna kynsligu \u00e1bending, og at liva \u00ed semju vi\u00f0 seg sj\u00e1lvan og s\u00ednum samleika. [&hellip;]","jetpack_sharing_enabled":true,"jetpack_shortlink":"https:\/\/wp.me\/Pgp3sg-oY","_links":{"self":[{"href":"https:\/\/lgbt.fo\/en\/wp-json\/wp\/v2\/pages\/1548","targetHints":{"allow":["GET"]}}],"collection":[{"href":"https:\/\/lgbt.fo\/en\/wp-json\/wp\/v2\/pages"}],"about":[{"href":"https:\/\/lgbt.fo\/en\/wp-json\/wp\/v2\/types\/page"}],"author":[{"embeddable":true,"href":"https:\/\/lgbt.fo\/en\/wp-json\/wp\/v2\/users\/182137770"}],"replies":[{"embeddable":true,"href":"https:\/\/lgbt.fo\/en\/wp-json\/wp\/v2\/comments?post=1548"}],"version-history":[{"count":2,"href":"https:\/\/lgbt.fo\/en\/wp-json\/wp\/v2\/pages\/1548\/revisions"}],"predecessor-version":[{"id":2718,"href":"https:\/\/lgbt.fo\/en\/wp-json\/wp\/v2\/pages\/1548\/revisions\/2718"}],"up":[{"embeddable":true,"href":"https:\/\/lgbt.fo\/en\/wp-json\/wp\/v2\/pages\/1540"}],"wp:attachment":[{"href":"https:\/\/lgbt.fo\/en\/wp-json\/wp\/v2\/media?parent=1548"}],"curies":[{"name":"wp","href":"https:\/\/api.w.org\/{rel}","templated":true}]}}