{"id":1547,"date":"2011-07-08T17:34:45","date_gmt":"2011-07-08T16:34:45","guid":{"rendered":"https:\/\/lgbt.fo\/lgbt-hetjur-2\/lgbt-radgevingin\/"},"modified":"2025-12-30T17:16:51","modified_gmt":"2025-12-30T17:16:51","slug":"lgbt-radgevingin","status":"publish","type":"page","link":"https:\/\/lgbt.fo\/en\/lgbt-radgevingin\/","title":{"rendered":"LGBT+-r\u00e1\u00f0gevingin"},"content":{"rendered":"<h4 class=\"wp-block-heading\">Vend t\u00e6r til LGBT+-r\u00e1\u00f0gevingina<\/h4>\n\n\n\n<p class=\"wp-block-paragraph\">Eg eri tv\u00edkynd\/ur ella kanska samkynd\/ur?<br>Hvussu skal eg fortelja ta\u00f0 fyri mammu?<br>Hvat fara tey \u00ed sk\u00falanum at siga?<br>N\u00e6r skal eg siga ta\u00f0?<br>Eri eg veruliga ein av &#8220;teimum&#8221;?<br>M\u00e1 eg so flyta av landinum?<\/p>\n\n\n\n<figure class=\"wp-block-image size-full\"><img data-recalc-dims=\"1\" loading=\"lazy\" decoding=\"async\" width=\"541\" height=\"468\" data-attachment-id=\"1484\" data-permalink=\"https:\/\/lgbt.fo\/en\/shutterstock_303120770\/\" data-orig-file=\"https:\/\/i0.wp.com\/lgbt.fo\/wp-content\/uploads\/2020\/09\/shutterstock_303120770.png?fit=541%2C468&amp;ssl=1\" data-orig-size=\"541,468\" data-comments-opened=\"1\" data-image-meta=\"{&quot;aperture&quot;:&quot;0&quot;,&quot;credit&quot;:&quot;&quot;,&quot;camera&quot;:&quot;&quot;,&quot;caption&quot;:&quot;&quot;,&quot;created_timestamp&quot;:&quot;0&quot;,&quot;copyright&quot;:&quot;&quot;,&quot;focal_length&quot;:&quot;0&quot;,&quot;iso&quot;:&quot;0&quot;,&quot;shutter_speed&quot;:&quot;0&quot;,&quot;title&quot;:&quot;&quot;,&quot;orientation&quot;:&quot;0&quot;}\" data-image-title=\"shutterstock_303120770\" data-image-description=\"\" data-image-caption=\"\" data-large-file=\"https:\/\/i0.wp.com\/lgbt.fo\/wp-content\/uploads\/2020\/09\/shutterstock_303120770.png?fit=541%2C468&amp;ssl=1\" src=\"https:\/\/i0.wp.com\/lgbt.fo\/wp-content\/uploads\/2020\/09\/shutterstock_303120770.png?resize=541%2C468&#038;ssl=1\" alt=\"\" class=\"wp-image-1484\" srcset=\"https:\/\/i0.wp.com\/lgbt.fo\/wp-content\/uploads\/2020\/09\/shutterstock_303120770.png?w=541&amp;ssl=1 541w, https:\/\/i0.wp.com\/lgbt.fo\/wp-content\/uploads\/2020\/09\/shutterstock_303120770.png?resize=300%2C260&amp;ssl=1 300w, https:\/\/i0.wp.com\/lgbt.fo\/wp-content\/uploads\/2020\/09\/shutterstock_303120770.png?resize=14%2C12&amp;ssl=1 14w\" sizes=\"auto, (max-width: 541px) 100vw, 541px\" \/><\/figure>\n\n\n\n<p class=\"wp-block-paragraph\">V\u00e6lkomin til r\u00e1\u00f0gevingars\u00ed\u00f0una hj\u00e1 LGBT F\u00f8royar. Her kunnu einstaklingar, i\u00f0 hava t\u00f8rv \u00e1 hj\u00e1lp ella einum pr\u00e1ti venda s\u00e6r til r\u00e1\u00f0gevingina hj\u00e1 LGBT+ F\u00f8royum.<\/p>\n\n\n\n<p class=\"wp-block-paragraph\">Ta\u00f0 at spretta, er fyri summi \u2013 kanska tey flestu \u2013 sera trupult. Ta\u00f0 er ein tilgongd, i\u00f0 \u00f8ll samkynd, tv\u00edkynd og tv\u00f8rkynd hava merkt og merkja \u00e1 ein ella annan h\u00e1tt. T\u00ed eru vit alt\u00ed\u00f0 kl\u00e1r at hj\u00e1lpa t\u00e6r! T\u00fa ver\u00f0ur t\u00f3 kanska bilsin av, hvussu l\u00e6tt ta\u00f0 kann vera at spretta \u00ed dagsins F\u00f8royum.<\/p>\n\n\n\n<p class=\"wp-block-paragraph\">Vit hava fleiri r\u00e1\u00f0gevar, sum t\u00fa kanst venda t\u00e6r til vi\u00f0 t\u00ednum trupulleikum. Okkara r\u00e1\u00f0gevarar vita, hvat ta\u00f0 sn\u00fdr seg um, t\u00e1 man stendur \u00ed st\u00f8\u00f0uni at skula spretta, og vita eina r\u00fagvu um onnur atkn\u00fdtt vi\u00f0urskifti, sum eru vi\u00f0komandi hj\u00e1 f\u00f3lki, sum hava ein kynsligan samleika, i\u00f0 er \u00f8r\u00f0v\u00edsi.<\/p>\n\n\n\n<p class=\"wp-block-paragraph\">Okkara r\u00e1\u00f0gevar hava roynt n\u00f3gv av t\u00ed sama sum t\u00fa, og vita t\u00ed v\u00e6l hvat ta\u00f0 er, i\u00f0 t\u00fa fert \u00edgj\u00f8gnum. Trupulleikar vi\u00f0 familju, vinum, sk\u00falafel\u00f8gum, \u00e1tr\u00fana\u00f0i, ford\u00f3mum, happing, avbj\u00f3\u00f0ingin vi\u00f0 at spretta osv. Vit vilja gjarna stu\u00f0la t\u00e6r \u00ed t\u00ednari st\u00f8\u00f0u, og veita t\u00e6r g\u00f3\u00f0 r\u00e1\u00f0.<\/p>\n\n\n\n<p class=\"wp-block-paragraph\">\u00d8ll r\u00e1\u00f0geving ver\u00f0ur gj\u00f8rd \u00ed tr\u00fana\u00f0in, og t\u00fa n\u00fdtist ikki at uppl\u00fdsa hv\u00f8r t\u00fa ert.<\/p>\n\n\n\n<p class=\"wp-block-paragraph\">Venda t\u00e6r til okkara \u00e1, vi\u00f0 at tr\u00fdsta \u00e1 LGBT+ R\u00c1\u00d0GEVINGIN kn\u00f8ttin ni\u00f0ast \u00e1 s\u00ed\u00f0uni, ella skriva til lgbt@lgbt.fo, og f\u00e1 eitt pr\u00e1t vi\u00f0 f\u00f3lk sum kunnu fyrihalda seg til t\u00edna st\u00f8\u00f0u, t\u00ednar kenslur og trupulleikar, og vilja stu\u00f0la t\u00e6r 100%. <\/p>\n\n\n\n<p class=\"wp-block-paragraph\">Vit veita eisini r\u00e1\u00f0geving og uppl\u00fdsing til avvar\u00f0andi og \u00e1huga\u00f0ar myndugleikar, i\u00f0 vara av f\u00f8royskum samkyndum, tv\u00edkyndum og tv\u00f8rkynd.<\/p>\n\n\n\n<div class=\"wp-block-uagb-image uagb-block-030f94e4 wp-block-uagb-image--layout-default wp-block-uagb-image--effect-static wp-block-uagb-image--align-none\"><figure class=\"wp-block-uagb-image__figure\"><a class=\"\" href=\"https:\/\/i0.wp.com\/lgbt.fo\/wp-content\/uploads\/2020\/09\/hands.png?ssl=1\" target=\"\" rel=\"noopener\"><img data-recalc-dims=\"1\" decoding=\"async\" srcset=\"https:\/\/lgbt.fo\/wp-content\/uploads\/2020\/09\/hands-214x300.png ,https:\/\/lgbt.fo\/wp-content\/uploads\/2020\/09\/hands.png 780w, https:\/\/lgbt.fo\/wp-content\/uploads\/2020\/09\/hands.png 360w\" sizes=\"auto, (max-width: 480px) 150px\" src=\"https:\/\/i0.wp.com\/lgbt.fo\/wp-content\/uploads\/2020\/09\/hands.png?resize=214%2C300&#038;ssl=1\" alt=\"\" class=\"uag-image-1296\" width=\"214\" height=\"300\" title=\"hands\" loading=\"lazy\" role=\"img\"\/><\/a><\/figure><\/div>\n\n\n\n<h3 class=\"wp-block-heading\">Gigni<\/h3>\n\n\n\n<p class=\"wp-block-paragraph\">Eisini ber til at venda s\u00e6r til <a href=\"http:\/\/gigni.fo\">Gigni<\/a>, sum hevur n\u00f3gvar skilag\u00f3\u00f0ar heilsufr\u00f8\u00f0ingar, i\u00f0 fegin vilja veglei\u00f0a teg n\u00e6rri um kynsl\u00edv, at spretta og at vera sam-, tv\u00ed- ella tv\u00f8rkyndur \u00ed dagsins F\u00f8royum.<\/p>\n\n\n\n<h3 class=\"wp-block-heading\">T\u00fa &amp; Eg<\/h3>\n\n\n\n<p class=\"wp-block-paragraph\">Barnabati hevur eisini eina r\u00e1\u00f0geving til ung, sum tey r\u00f3pa <a href=\"https:\/\/www.barnabati.fo\/116111-2\/\" target=\"_blank\" rel=\"noreferrer noopener\">T\u00fa &amp; eg-r\u00e1\u00f0gevingin<\/a>.&nbsp;Um t\u00fa ynskir at tosa vi\u00f0 T\u00fa &amp; eg-r\u00e1\u00f0gevingina, kanst t\u00fa ringja 116 111 allar dagar millum 18 og 22.<\/p>\n\n\n\n<h3 class=\"wp-block-heading\">&#8220;Kroppur, kenslur og kynsl\u00edv&#8221;<\/h3>\n\n\n\n<p class=\"wp-block-paragraph\"><a href=\"http:\/\/www.bfl.fo\/boekur?GroupID=GROUP17&amp;ProductID=PROD2071\">Henda b\u00f3kin<\/a> er eitt hent ambo\u00f0 hj\u00e1 \u00f8llum ungum f\u00f8royingum, i\u00f0 ynskja at l\u00e6ra meira um seg sj\u00e1lvan, s\u00edna sannf\u00f8ring, s\u00edn samleika ella hana hj\u00e1 s\u00ednum vinum.<\/p>\n\n\n\n<h3 class=\"wp-block-heading\">&#8220;Ver t\u00fa!&#8221;<\/h3>\n\n\n\n<p class=\"wp-block-paragraph\"><a href=\"https:\/\/ritograk.fo\/?p=products&amp;_sp=product&amp;_ProductFilterIds=&amp;_ProductId=6029\">Henda b\u00f3kin<\/a> er eitt hent ambo\u00f0 og veglei\u00f0ing til b\u00f8rn og ung um kynsfatan, k\u00e6rleika og familju.<\/p>\n\n\n\n<p class=\"wp-block-paragraph\"><\/p>","protected":false},"excerpt":{"rendered":"<p>Vend t\u00e6r til LGBT+-r\u00e1\u00f0gevingina Eg eri tv\u00edkynd\/ur ella kanska samkynd\/ur?Hvussu skal eg fortelja ta\u00f0 fyri mammu?Hvat fara tey \u00ed sk\u00falanum [&hellip;]<\/p>\n","protected":false},"author":182137770,"featured_media":0,"parent":0,"menu_order":0,"comment_status":"open","ping_status":"open","template":"","meta":{"_crdt_document":"","_uag_custom_page_level_css":"","site-sidebar-layout":"default","site-content-layout":"","ast-site-content-layout":"default","site-content-style":"default","site-sidebar-style":"default","ast-global-header-display":"","ast-banner-title-visibility":"","ast-main-header-display":"","ast-hfb-above-header-display":"","ast-hfb-below-header-display":"","ast-hfb-mobile-header-display":"","site-post-title":"","ast-breadcrumbs-content":"","ast-featured-img":"","footer-sml-layout":"","ast-disable-related-posts":"","theme-transparent-header-meta":"","adv-header-id-meta":"","stick-header-meta":"","header-above-stick-meta":"","header-main-stick-meta":"","header-below-stick-meta":"","astra-migrate-meta-layouts":"default","ast-page-background-enabled":"default","ast-page-background-meta":{"desktop":{"background-color":"var(--ast-global-color-5)","background-image":"","background-repeat":"repeat","background-position":"center center","background-size":"auto","background-attachment":"scroll","background-type":"","background-media":"","overlay-type":"","overlay-color":"","overlay-opacity":"","overlay-gradient":""},"tablet":{"background-color":"","background-image":"","background-repeat":"repeat","background-position":"center center","background-size":"auto","background-attachment":"scroll","background-type":"","background-media":"","overlay-type":"","overlay-color":"","overlay-opacity":"","overlay-gradient":""},"mobile":{"background-color":"","background-image":"","background-repeat":"repeat","background-position":"center center","background-size":"auto","background-attachment":"scroll","background-type":"","background-media":"","overlay-type":"","overlay-color":"","overlay-opacity":"","overlay-gradient":""}},"ast-content-background-meta":{"desktop":{"background-color":"var(--ast-global-color-4)","background-image":"","background-repeat":"repeat","background-position":"center center","background-size":"auto","background-attachment":"scroll","background-type":"","background-media":"","overlay-type":"","overlay-color":"","overlay-opacity":"","overlay-gradient":""},"tablet":{"background-color":"var(--ast-global-color-4)","background-image":"","background-repeat":"repeat","background-position":"center center","background-size":"auto","background-attachment":"scroll","background-type":"","background-media":"","overlay-type":"","overlay-color":"","overlay-opacity":"","overlay-gradient":""},"mobile":{"background-color":"var(--ast-global-color-4)","background-image":"","background-repeat":"repeat","background-position":"center center","background-size":"auto","background-attachment":"scroll","background-type":"","background-media":"","overlay-type":"","overlay-color":"","overlay-opacity":"","overlay-gradient":""}},"advanced_seo_description":"","jetpack_seo_html_title":"","jetpack_seo_noindex":false,"footnotes":""},"class_list":["post-1547","page","type-page","status-publish","hentry"],"uagb_featured_image_src":{"full":false,"thumbnail":false,"medium":false,"medium_large":false,"large":false,"1536x1536":false,"2048x2048":false,"trp-custom-language-flag":false,"newspack-article-block-landscape-large":false,"newspack-article-block-portrait-large":false,"newspack-article-block-square-large":false,"newspack-article-block-landscape-medium":false,"newspack-article-block-portrait-medium":false,"newspack-article-block-square-medium":false,"newspack-article-block-landscape-intermediate":false,"newspack-article-block-portrait-intermediate":false,"newspack-article-block-square-intermediate":false,"newspack-article-block-landscape-small":false,"newspack-article-block-portrait-small":false,"newspack-article-block-square-small":false,"newspack-article-block-landscape-tiny":false,"newspack-article-block-portrait-tiny":false,"newspack-article-block-square-tiny":false,"newspack-article-block-uncropped":false,"mailpoet_newsletter_max":false,"woocommerce_thumbnail":false,"woocommerce_single":false,"woocommerce_gallery_thumbnail":false},"uagb_author_info":{"display_name":"unijoh","author_link":"https:\/\/lgbt.fo\/en\/author\/unijoh\/"},"uagb_comment_info":0,"uagb_excerpt":"Vend t\u00e6r til LGBT+-r\u00e1\u00f0gevingina Eg eri tv\u00edkynd\/ur ella kanska samkynd\/ur?Hvussu skal eg fortelja ta\u00f0 fyri mammu?Hvat fara tey \u00ed sk\u00falanum [&hellip;]","jetpack_sharing_enabled":true,"jetpack_shortlink":"https:\/\/wp.me\/Pgp3sg-oX","_links":{"self":[{"href":"https:\/\/lgbt.fo\/en\/wp-json\/wp\/v2\/pages\/1547","targetHints":{"allow":["GET"]}}],"collection":[{"href":"https:\/\/lgbt.fo\/en\/wp-json\/wp\/v2\/pages"}],"about":[{"href":"https:\/\/lgbt.fo\/en\/wp-json\/wp\/v2\/types\/page"}],"author":[{"embeddable":true,"href":"https:\/\/lgbt.fo\/en\/wp-json\/wp\/v2\/users\/182137770"}],"replies":[{"embeddable":true,"href":"https:\/\/lgbt.fo\/en\/wp-json\/wp\/v2\/comments?post=1547"}],"version-history":[{"count":4,"href":"https:\/\/lgbt.fo\/en\/wp-json\/wp\/v2\/pages\/1547\/revisions"}],"predecessor-version":[{"id":2684,"href":"https:\/\/lgbt.fo\/en\/wp-json\/wp\/v2\/pages\/1547\/revisions\/2684"}],"wp:attachment":[{"href":"https:\/\/lgbt.fo\/en\/wp-json\/wp\/v2\/media?parent=1547"}],"curies":[{"name":"wp","href":"https:\/\/api.w.org\/{rel}","templated":true}]}}