{"id":1537,"date":"2011-06-20T22:42:50","date_gmt":"2011-06-20T21:42:50","guid":{"rendered":"https:\/\/lgbt.fo\/hvussu-sleppi-eg-vid\/"},"modified":"2025-12-30T17:22:32","modified_gmt":"2025-12-30T17:22:32","slug":"hvussu-sleppi-eg-vid","status":"publish","type":"page","link":"https:\/\/lgbt.fo\/en\/hvussu-sleppi-eg-vid\/","title":{"rendered":"Hvussu sleppi eg vi\u00f0?"},"content":{"rendered":"<h2>D\u00e1ma og fylg okkum \u00e1 Facebook og Instagram<\/h2>\n<ul>\n<li>D\u00e1ma og fylg LGBT F\u00f8royum \u00e1<a href=\"http:\/\/Facebook.com\/lgbtforoyar\"> Facebook<\/a><\/li>\n<li>Fylg LGBT F\u00f8royum \u00e1 <a href=\"https:\/\/www.instagram.com\/lgbtforoyar\/\">Instagram<\/a><\/li>\n<\/ul>\n<h2>Gjald limagjald<\/h2>\n<p>T\u00fa kanst gerast limur \u00ed LGBT F\u00f8royar vi\u00f0 flyta 300 kr\u00f3nur \u00e1 konto 9181 3628533 \u00ed Betri Banka. Minst til at vi\u00f0merkja t\u00edtt navn. Til ber eisini at senda ein teldupost til lgbt@lgbt.fo, so lima vit teg inn. \u00d8ll kunnu gerast limir. Samkynd, hinkynd, tv\u00edkynd, tv\u00f8rkynd, millumkynd, vi\u00f0kynd. \u00d8ll sum taka undir vi\u00f0 okkara endam\u00e1li eru v\u00e6lkomin at gerast limir.<\/p>\n<h2>Melda teg \u00ed okkara lukka\u00f0a b\u00f3lk<\/h2>\n<p>Ert t\u00fa ein LGBTari, kanst t\u00fa eisini melda teg \u00ed <a href=\"https:\/\/www.facebook.com\/groups\/lgbtfo\/\">lukka\u00f0a b\u00f3lkin<\/a> hj\u00e1 LGBT+ F\u00f8royum \u00e1 Facebook. B\u00f3lkurin er EINANS \u00e6tla\u00f0ur sam-, tv\u00ed-, tv\u00f8r- og millumkyndum og kvirf\u00f3lki, me\u00f0an okkara hinskyndu og vi\u00f0kyndu stu\u00f0lar og vinir eru v\u00e6lkomin at fylgja okkum \u00e1 almennu <a href=\"https:\/\/www.facebook.com\/lgbtforoyar\">s\u00ed\u00f0uni<\/a>.<\/p>\n<h2>Samband<\/h2>\n<p>Annars kanst t\u00fa alt\u00ed\u00f0 seta teg \u00ed samband vi\u00f0 okkum \u00e1 lgbt@lgbt.fo<\/p>","protected":false},"excerpt":{"rendered":"<p>D\u00e1ma og fylg okkum \u00e1 Facebook og Instagram D\u00e1ma og fylg LGBT F\u00f8royum \u00e1 Facebook Fylg LGBT F\u00f8royum \u00e1 Instagram [&hellip;]<\/p>\n","protected":false},"author":182137770,"featured_media":0,"parent":0,"menu_order":0,"comment_status":"open","ping_status":"open","template":"","meta":{"_crdt_document":"","_uag_custom_page_level_css":"","site-sidebar-layout":"default","site-content-layout":"","ast-site-content-layout":"default","site-content-style":"default","site-sidebar-style":"default","ast-global-header-display":"","ast-banner-title-visibility":"","ast-main-header-display":"","ast-hfb-above-header-display":"","ast-hfb-below-header-display":"","ast-hfb-mobile-header-display":"","site-post-title":"","ast-breadcrumbs-content":"","ast-featured-img":"","footer-sml-layout":"","ast-disable-related-posts":"","theme-transparent-header-meta":"","adv-header-id-meta":"","stick-header-meta":"","header-above-stick-meta":"","header-main-stick-meta":"","header-below-stick-meta":"","astra-migrate-meta-layouts":"default","ast-page-background-enabled":"default","ast-page-background-meta":{"desktop":{"background-color":"var(--ast-global-color-5)","background-image":"","background-repeat":"repeat","background-position":"center center","background-size":"auto","background-attachment":"scroll","background-type":"","background-media":"","overlay-type":"","overlay-color":"","overlay-opacity":"","overlay-gradient":""},"tablet":{"background-color":"","background-image":"","background-repeat":"repeat","background-position":"center center","background-size":"auto","background-attachment":"scroll","background-type":"","background-media":"","overlay-type":"","overlay-color":"","overlay-opacity":"","overlay-gradient":""},"mobile":{"background-color":"","background-image":"","background-repeat":"repeat","background-position":"center center","background-size":"auto","background-attachment":"scroll","background-type":"","background-media":"","overlay-type":"","overlay-color":"","overlay-opacity":"","overlay-gradient":""}},"ast-content-background-meta":{"desktop":{"background-color":"var(--ast-global-color-4)","background-image":"","background-repeat":"repeat","background-position":"center center","background-size":"auto","background-attachment":"scroll","background-type":"","background-media":"","overlay-type":"","overlay-color":"","overlay-opacity":"","overlay-gradient":""},"tablet":{"background-color":"var(--ast-global-color-4)","background-image":"","background-repeat":"repeat","background-position":"center center","background-size":"auto","background-attachment":"scroll","background-type":"","background-media":"","overlay-type":"","overlay-color":"","overlay-opacity":"","overlay-gradient":""},"mobile":{"background-color":"var(--ast-global-color-4)","background-image":"","background-repeat":"repeat","background-position":"center center","background-size":"auto","background-attachment":"scroll","background-type":"","background-media":"","overlay-type":"","overlay-color":"","overlay-opacity":"","overlay-gradient":""}},"advanced_seo_description":"","jetpack_seo_html_title":"","jetpack_seo_noindex":false,"footnotes":""},"class_list":["post-1537","page","type-page","status-publish","hentry"],"uagb_featured_image_src":{"full":false,"thumbnail":false,"medium":false,"medium_large":false,"large":false,"1536x1536":false,"2048x2048":false,"trp-custom-language-flag":false,"newspack-article-block-landscape-large":false,"newspack-article-block-portrait-large":false,"newspack-article-block-square-large":false,"newspack-article-block-landscape-medium":false,"newspack-article-block-portrait-medium":false,"newspack-article-block-square-medium":false,"newspack-article-block-landscape-intermediate":false,"newspack-article-block-portrait-intermediate":false,"newspack-article-block-square-intermediate":false,"newspack-article-block-landscape-small":false,"newspack-article-block-portrait-small":false,"newspack-article-block-square-small":false,"newspack-article-block-landscape-tiny":false,"newspack-article-block-portrait-tiny":false,"newspack-article-block-square-tiny":false,"newspack-article-block-uncropped":false,"mailpoet_newsletter_max":false,"woocommerce_thumbnail":false,"woocommerce_single":false,"woocommerce_gallery_thumbnail":false},"uagb_author_info":{"display_name":"unijoh","author_link":"https:\/\/lgbt.fo\/en\/author\/unijoh\/"},"uagb_comment_info":0,"uagb_excerpt":"D\u00e1ma og fylg okkum \u00e1 Facebook og Instagram D\u00e1ma og fylg LGBT F\u00f8royum \u00e1 Facebook Fylg LGBT F\u00f8royum \u00e1 Instagram [&hellip;]","jetpack_sharing_enabled":true,"jetpack_shortlink":"https:\/\/wp.me\/Pgp3sg-oN","_links":{"self":[{"href":"https:\/\/lgbt.fo\/en\/wp-json\/wp\/v2\/pages\/1537","targetHints":{"allow":["GET"]}}],"collection":[{"href":"https:\/\/lgbt.fo\/en\/wp-json\/wp\/v2\/pages"}],"about":[{"href":"https:\/\/lgbt.fo\/en\/wp-json\/wp\/v2\/types\/page"}],"author":[{"embeddable":true,"href":"https:\/\/lgbt.fo\/en\/wp-json\/wp\/v2\/users\/182137770"}],"replies":[{"embeddable":true,"href":"https:\/\/lgbt.fo\/en\/wp-json\/wp\/v2\/comments?post=1537"}],"version-history":[{"count":2,"href":"https:\/\/lgbt.fo\/en\/wp-json\/wp\/v2\/pages\/1537\/revisions"}],"predecessor-version":[{"id":3220,"href":"https:\/\/lgbt.fo\/en\/wp-json\/wp\/v2\/pages\/1537\/revisions\/3220"}],"wp:attachment":[{"href":"https:\/\/lgbt.fo\/en\/wp-json\/wp\/v2\/media?parent=1537"}],"curies":[{"name":"wp","href":"https:\/\/api.w.org\/{rel}","templated":true}]}}