{"id":151,"date":"2025-03-09T23:02:11","date_gmt":"2025-03-09T23:02:11","guid":{"rendered":"https:\/\/www.lgbt.fo\/copy-of-r\u00e1\u00f0geving"},"modified":"2026-02-15T12:51:09","modified_gmt":"2026-02-15T12:51:09","slug":"raettindi","status":"publish","type":"page","link":"https:\/\/lgbt.fo\/en\/raettindi\/","title":{"rendered":"R\u00e6ttindi"},"content":{"rendered":"<div class=\"wp-block-uagb-image alignright uagb-block-6952bf6d wp-block-uagb-image--layout-default wp-block-uagb-image--effect-static wp-block-uagb-image--align-right\"><figure class=\"wp-block-uagb-image__figure\"><a class=\"\" href=\"https:\/\/i0.wp.com\/lgbt.fo\/wp-content\/uploads\/2011\/06\/26fixb.jpg?ssl=1\" target=\"\" rel=\"noopener\"><img data-recalc-dims=\"1\" decoding=\"async\" srcset=\"https:\/\/lgbt.fo\/wp-content\/uploads\/2011\/06\/26fixb.jpg ,https:\/\/lgbt.fo\/wp-content\/uploads\/2011\/06\/26fixb.jpg 780w, https:\/\/lgbt.fo\/wp-content\/uploads\/2011\/06\/26fixb.jpg 360w\" sizes=\"auto, (max-width: 480px) 150px\" src=\"https:\/\/i0.wp.com\/lgbt.fo\/wp-content\/uploads\/2011\/06\/26fixb.jpg?resize=430%2C274&#038;ssl=1\" alt=\"\" class=\"uag-image-1217\" width=\"430\" height=\"274\" title=\"26fixb\" loading=\"lazy\" role=\"img\"\/><\/a><\/figure><\/div>\n\n\n\n<p class=\"wp-block-paragraph\">T\u00ed\u00f0irnar eru broyttar \u00ed F\u00f8royum, vit eru farin fr\u00e1 at vera ein \u00f3sj\u00f3nligur og n\u00f3gv \u00f3tta\u00f0ur minnilutab\u00f3lkur, sum alt ov ofta var\u00f0 noyddur at liva \u00ed \u00fatlegd, til at vera ein sj\u00f3nligur og virkin vi\u00f0sp\u00e6lari \u00ed f\u00f8royska samfelagnum.<\/p>\n\n\n\n<p class=\"wp-block-paragraph\">Hetta merkir t\u00f3 ikki, at vit \u00ed dag eru javnsett vi\u00f0 hinskynd \u00ed F\u00f8royum. Ta\u00f0 er langt fr\u00e1. T\u00ed mugu vit \u00e1haldandi krevja okkara mannar\u00e6ttindi og okkara r\u00e6tt sum f\u00f8royingar. Fer\u00f0in ver\u00f0ur lang, men eina fer\u00f0 koma vit \u00e1 m\u00e1l.<\/p>\n\n\n\n<div class=\"wp-block-uagb-advanced-heading uagb-block-bb60b715\"><h2 class=\"uagb-heading-text\">Vunnin r\u00e6ttindi<\/h2><\/div>\n\n\n\n<div class=\"wp-block-uagb-advanced-heading uagb-block-01e5e0e9\"><h4 class=\"uagb-heading-text\">Samkyndleiki er ikki longur \u00f3l\u00f3gligur<\/h4><\/div>\n\n\n\n<p class=\"wp-block-paragraph\">\u00cd 1933 ver\u00f0ur l\u00f3gin broytt solei\u00f0is, at ta\u00f0 ikki longur er \u00f3l\u00f3gligt at vera samkyndur \u00ed Danmark. L\u00f3gin kemur samstundis \u00ed gildi \u00ed F\u00f8royum. Aldursmarki\u00f0 ver\u00f0ur sett til 21 \u00e1r<\/p>\n\n\n\n<div class=\"wp-block-uagb-advanced-heading uagb-block-f3b86a81\"><h4 class=\"uagb-heading-text\">Samkyndleiki er ikki ein sinnissj\u00faka<\/h4><\/div>\n\n\n\n<p class=\"wp-block-paragraph\">\u00cd 1981 ver\u00f0ur samkyndleiki alment strika\u00f0, sum ein sinnissj\u00faka \u00ed Danmark og somulei\u00f0is \u00ed F\u00f8royum. WHO, heilsustovnurin hj\u00e1 ST, tekur somu avger\u00f0 \u00ed 1991.<\/p>\n\n\n\n<div class=\"wp-block-uagb-advanced-heading uagb-block-530b634b\"><h4 class=\"uagb-heading-text\">Aldursmarki\u00f0 ver\u00f0ur javnstilla\u00f0 vi\u00f0 hinskyndum<\/h4><\/div>\n\n\n\n<p class=\"wp-block-paragraph\">H\u00f8ga aldursmarki\u00f0 fyri kynsligt samband millum f\u00f3lk av sama kyn ver\u00f0ur l\u00e6kka\u00f0 fr\u00e1 21 \u00e1r til 15 \u00e1r \u00ed 1988, og er t\u00ed \u00ed dag ta\u00f0 sama sum hj\u00e1 hinskyndum.<\/p>\n\n\n\n<div class=\"wp-block-uagb-advanced-heading uagb-block-35614827\"><h4 class=\"uagb-heading-text\">Samkynd kunnu gera herna\u00f0art\u00e6nastu<\/h4><\/div>\n\n\n\n<p class=\"wp-block-paragraph\">F\u00f8roysk samkynd hava vunni\u00f0 r\u00e6ttin at arbei\u00f0a ella gera t\u00e6nastu \u00ed danska her\u00f0inum, sum eisini skal verja F\u00f8royar. Hetta var broytt longu \u00ed \u00e1ttati\u00e1rinum.<\/p>\n\n\n\n<div class=\"wp-block-uagb-advanced-heading uagb-block-50253a41\"><h4 class=\"uagb-heading-text\">Ikki loyvt at ni\u00f0urgera ella h\u00f3tta f\u00f3lk vegna kynsliga sannf\u00f8ring<\/h4><\/div>\n\n\n\n<p class=\"wp-block-paragraph\">Eftir at hava veri\u00f0 og vent \u00ed L\u00f8gtinginum fyri tri\u00f0ju fer\u00f0, ver\u00f0ur \u00a7266b endaliga broytt \u00ed 2006 solei\u00f0is, at kynslig sannf\u00f8ring (seksuel orientering) eisini ver\u00f0ur nevnt \u00ed l\u00f3gini, i\u00f0 skal for\u00f0a sl\u00edkum \u201chatespeech\u201d \u00ed F\u00f8royum.<\/p>\n\n\n\n<div class=\"wp-block-uagb-advanced-heading uagb-block-78d62be6\"><h4 class=\"uagb-heading-text\">Samkynd eisini fevnd av pensj\u00f3n- og l\u00edvstryggingarl\u00f3gg\u00e1vu<\/h4><\/div>\n\n\n\n<p class=\"wp-block-paragraph\">N\u00fdggj tryggingarl\u00f3gg\u00e1va, sum kemur \u00ed gildi \u00ed 2010, ber so \u00ed bandi, at f\u00f3lk, i\u00f0 hava liva\u00f0 \u00ed \u201chj\u00fanabandsl\u00edknandi st\u00f8\u00f0u \u00ed meira enn tvey \u00e1r\u201d ver\u00f0a mett sum maki hj\u00e1 tryggingartakaranum. Solei\u00f0is kunnu samkynd eisini arva pensj\u00f3n og l\u00edvstrygging hj\u00e1 hv\u00f8r \u00f8\u00f0rum, um annar parturin doyr.<\/p>\n\n\n\n<div class=\"wp-block-uagb-advanced-heading uagb-block-aa60d153\"><h4 class=\"uagb-heading-text\">Tv\u00f8rkyndleiki er ikki longur ein sinnissj\u00faka<\/h4><\/div>\n\n\n\n<p class=\"wp-block-paragraph\">1. januar 2017 var\u00f0 tv\u00f8rkyndleiki alment strika\u00f0ur sum ein s\u00e1larligsj\u00faka \u00ed danska heilsuverkinum. F\u00f8royska og gr\u00f8nlendska heilsuverki\u00f0 fylgja vanliga \u00f8llum tilm\u00e6lum fr\u00e1 t\u00ed danska. Danmark er fyrsta landi\u00f0 \u00ed heimunum, i\u00f0 avger\u00f0, at ta\u00f0 ikki longur ynskir at l\u00fdsa tv\u00f8rkynd sum sinnissj\u00fak. WHO, heilsustovnurin hj\u00e1 ST, t\u00f3k somu avger\u00f0 sum danir \u00ed 2019.<\/p>\n\n\n\n<p class=\"wp-block-paragraph\">Samkyndleiki ella homosekualitetur var\u00f0 somulei\u00f0is mettur at vera ein s\u00e1larsj\u00faka, i\u00f0 kundi lekjast fram til 1981 \u00ed F\u00f8royum og restini av danska kongar\u00edknum. Me\u00f0an WHO ikki strika\u00f0i samkyndleika sum eina sinnissj\u00faku fyrr enn \u00ed 1991.<\/p>\n\n\n\n<div class=\"wp-block-uagb-advanced-heading uagb-block-8926a5b3\"><h4 class=\"uagb-heading-text\">Samkynd kunnu n\u00fa gifta seg borgarliga<\/h4><\/div>\n\n\n\n<p class=\"wp-block-paragraph\">30. mai 2017 vi\u00f0t\u00f3k F\u00f8roya L\u00f8gting langt um leingi at broyta f\u00f8roysku hj\u00fanabandsl\u00f3gina, so samkynd p\u00f8r eisini kunnu gifta seg borgarliga. 18 atkv\u00f8\u00f0ur fyri og 14 \u00edm\u00f3ti. \u00d8ll samgongan hj\u00e1 Javna\u00f0arflokkinum, Tj\u00f3\u00f0veldi og Frams\u00f3kn, eins og Edmund Joesen \u00far Sambandsflokkinum atkv\u00f8ddu \u00f8ll fyri l\u00f3garbroytingini. Magni Laksafoss \u00far Sambandsflokkinum, sum atkv\u00f8ddi fyri uppskotinum undir 2. vi\u00f0ger\u00f0, var uttanlands til 3. vi\u00f0ger\u00f0.<\/p>\n\n\n\n<p class=\"wp-block-paragraph\">Ta\u00f0 stendur n\u00fa f\u00f8roysku F\u00f3lkakirkjuni samstundis fr\u00edtt um tey ynskja at v\u00e6lsigna samkynd hj\u00fan, i\u00f0 eru borgarliga gift. Men hetta kann ikki gerast fyrr enn kirkjan sj\u00e1lv avger\u00f0 um ynskir ella ei at gera eitt h\u00f3skandi ritual fyri samkynd p\u00f8r, eins og tey longu hava fyri hinskynd p\u00f8r.<\/p>\n\n\n\n<div class=\"wp-block-uagb-advanced-heading uagb-block-2ff3ded1\"><h4 class=\"uagb-heading-text\">Samkynd kunnu \u00e6ttlei\u00f0a<\/h4><\/div>\n\n\n\n<p class=\"wp-block-paragraph\">T\u00e1 samkynd p\u00f8r fingu loyvi at gifta seg sum hj\u00fan, so fingu hesu somu samkyndu hj\u00fan loyvi at \u00e6ttlei\u00f0a b\u00f8rn \u00e1 j\u00f8vnum f\u00f8ti vi\u00f0 hinskynd p\u00f8r. \u00cd 2018 fingu hinskynd og samkynd p\u00f8r loyvi at \u00e6ttlei\u00f0a sum b\u00e6\u00f0i gift og \u00f3gift p\u00f8r. Samkynd p\u00f8r kunnu eisini vera fosturforeldur \u00ed F\u00f8royum.<\/p>\n\n\n\n<div class=\"wp-block-uagb-advanced-heading uagb-block-cbfcbef4\"><h4 class=\"uagb-heading-text\">\u00d3keypis HPV-koppsetingin til b\u00e6\u00f0i gentur og drongir<\/h4><\/div>\n\n\n\n<p class=\"wp-block-paragraph\">HPV-koppsetingin til gentur, sum er at fyribyrgja l\u00edvm\u00f3\u00f0urh\u00e1lskrabba hj\u00e1 kvinnum, fyribyrgir eisini munnholukrabbamein, analkrabbamein og peniskrabbamein. Henda koppseting var \u00ed fleiri \u00e1r \u00f3keypis fyri gentur, men ikki drongir \u00ed F\u00f8royum.<\/p>\n\n\n\n<p class=\"wp-block-paragraph\">F\u00f8royum og \u00ed Danmark er \u00e6tlanin, at menn ver\u00f0a vardir vi\u00f0, at t\u00e6r kvinnurnar, teir hava kynsligasamvera vi\u00f0 eru longu koppsettar, og sostatt ikki smitta teir vi\u00f0 HPV. Samkyndir menn, tv\u00edkyndir menn og menn, i\u00f0 hava sex vi\u00f0 \u00f8\u00f0rum monnum, ver\u00f0a t\u00ed ikki vardir \u00e1 sama h\u00e1tt, um teir ikki eru koppsettir.<\/p>\n\n\n\n<p class=\"wp-block-paragraph\">T\u00ed kunngj\u00f8rdi landsst\u00fdri\u00f0skvinnan Siri\u00f0 Stenberg \u00ed 2019, at tilbo\u00f0i\u00f0 um \u00f3keypis HPV-koppseting eisini ver\u00f0ur veitt til dreingir \u00ed aldrinum 12-17 \u00e1r.&nbsp; L\u00f8gtingi\u00f0 hevur samtykt at j\u00e1tta pening til at v\u00ed\u00f0ka tilbo\u00f0i\u00f0 \u00ed F\u00f8royum, so mismunur ikki longur ver\u00f0ur gj\u00f8rdur \u00e1 kyni, kynsligari sannf\u00f8ring og\/ella kynsligum samleika \u00e1 hesum \u00f8kinum \u00ed F\u00f8royum.<\/p>\n\n\n\n<div class=\"wp-block-uagb-advanced-heading uagb-block-a0c6fe13\"><h4 class=\"uagb-heading-text\">\u00c1v\u00edsir samkyndir menn kunnu lata bl\u00f3\u00f0<\/h4><\/div>\n\n\n\n<p class=\"wp-block-paragraph\">L\u00edvslanga banni\u00f0 hj\u00e1 samkyndum monnum at lata bl\u00f3\u00f0 \u00ed F\u00f8royum var\u00f0 avtiki\u00f0 \u00ed 2020, eftir at danska heilsuverki\u00f0 avgj\u00f8rdi at gera ta\u00f0 sama. Men hetta er einans galdandi fyri menn, sum ikki hava havt kynsligt samband vi\u00f0 a\u00f0rar menn s\u00ed\u00f0stu 6 m\u00e1na\u00f0arnar. \u00cd Danmark er s\u00f3ttarhaldi\u00f0 4 m\u00e1na\u00f0ir og \u00ed Bretlandi er ta\u00f0 bara 3 m\u00e1na\u00f0ar.&nbsp;<\/p>\n\n\n\n<div class=\"wp-block-uagb-advanced-heading uagb-block-b3eb479b\"><h2 class=\"uagb-heading-text\">Vantandi r\u00e6ttindi<\/h2><\/div>\n\n\n\n<div class=\"wp-block-uagb-advanced-heading uagb-block-df8b8284\"><h4 class=\"uagb-heading-text\">Antidiskriminati\u00f3nsl\u00f3g<\/h4><\/div>\n\n\n\n<p class=\"wp-block-paragraph\">Vit hava ongar antidiskriminati\u00f3nsl\u00f3gir \u00e1 arbei\u00f0smarkna\u00f0inum \u00ed F\u00f8royum. Hv\u00f8rki vegna kynsliga sannf\u00f8ring, kynsligan samleika ella naka\u00f0 anna\u00f0.<\/p>\n\n\n\n<div class=\"wp-block-uagb-advanced-heading uagb-block-4ff3f39d\"><h4 class=\"uagb-heading-text\">Hate crime<\/h4><\/div>\n\n\n\n<p class=\"wp-block-paragraph\">Kynslig sannf\u00f8ring og samleiki er ikki partur av f\u00f8roysku hate crime l\u00f3gini (\u00a7 81, nr. 6 \u00ed Revsil\u00f3gini).<\/p>\n\n\n\n<div class=\"wp-block-uagb-advanced-heading uagb-block-f5bc31c4\"><h4 class=\"uagb-heading-text\">Barsilskipanin<\/h4><\/div>\n\n\n\n<p class=\"wp-block-paragraph\">Samkynd hj\u00fan\/p\u00f8r eru ikki javnsett vi\u00f0 hinskynd hj\u00fan\/p\u00f8r \u00ed f\u00f8roysku Barsilskipani.<\/p>\n\n\n\n<div class=\"wp-block-uagb-advanced-heading uagb-block-d24b8039\"><h4 class=\"uagb-heading-text\">Samforeldur<\/h4><\/div>\n\n\n\n<p class=\"wp-block-paragraph\">F\u00f3lk av sama kyni kunnu ikki gerast samm\u00f3\u00f0ur ella samfa\u00f0ir hj\u00e1 biologisku b\u00f8rnunum hj\u00e1 s\u00ednum maka av sama kyni.<\/p>\n\n\n\n<div class=\"wp-block-uagb-advanced-heading uagb-block-a7c65d88\"><h4 class=\"uagb-heading-text\">\u00cds\u00e1\u00f0ing<\/h4><\/div>\n\n\n\n<p class=\"wp-block-paragraph\">Samkyndar kvinnur hava ikki sama m\u00f8guleika at f\u00e1a \u00f3keypis \u00eds\u00e1\u00f0ing umvegis f\u00f8royska Heilsuverki\u00f0 eins og hinskyndar kvinnur kunnu f\u00e1a.<\/p>\n\n\n\n<div class=\"wp-block-uagb-advanced-heading uagb-block-e694a7ec\"><h4 class=\"uagb-heading-text\">Bl\u00f3\u00f0gevi<\/h4><\/div>\n\n\n\n<p class=\"wp-block-paragraph\">Samkyndir menn kunnu \u00ed dag geva bl\u00f3\u00f0 \u00ed F\u00f8royum, um teir ikki hava havt kynslit samband vi\u00f0 a\u00f0rar menn s\u00ed\u00f0stu 6 m\u00e1na\u00f0arnar. \u00cd Danmark er henda t\u00ed\u00f0in einans 4 m\u00e1na\u00f0ar og \u00ed Bretlandi 3 m\u00e1na\u00f0ar. F\u00f8royska heilsuverki\u00f0 fylgir vanliga alt\u00ed\u00f0 veglei\u00f0ingunum og mannagongdunum hj\u00e1 danska heilsuverkinum, men tey hava valt at ikki gera so \u00ed hesum f\u00f8ri.<\/p>\n\n\n\n<div class=\"wp-block-uagb-advanced-heading uagb-block-217af6cc\"><h4 class=\"uagb-heading-text\">L\u00f8gfr\u00f8\u00f0iligt kynsskifti<\/h4><\/div>\n\n\n\n<p class=\"wp-block-paragraph\">Ta\u00f0 ber ikki til at skifta kyn l\u00f8gfr\u00f8\u00f0iliga \u00ed F\u00f8royum uttan ver\u00f0a geld\/ur fyrst. Hetta vil siga, at man sum tv\u00f8rkyndur ella millumkyndur kann framvegis ikki skifta navn og kyn \u00e1 almennum og l\u00f8gfr\u00f8\u00f0iligum skj\u00f8lum og samleikapr\u00f3gvum \u00ed F\u00f8royum, uttan at b\u00e6\u00f0i skifta s\u00edtt l\u00edvfr\u00f8\u00f0iliga kyn og gerast l\u00edvs\u00f8rin fyrst.&nbsp;<\/p>","protected":false},"excerpt":{"rendered":"<p>T\u00ed\u00f0irnar eru broyttar \u00ed F\u00f8royum, vit eru farin fr\u00e1 at vera ein \u00f3sj\u00f3nligur og n\u00f3gv \u00f3tta\u00f0ur minnilutab\u00f3lkur, sum alt ov [&hellip;]<\/p>\n","protected":false},"author":182137770,"featured_media":0,"parent":0,"menu_order":0,"comment_status":"closed","ping_status":"closed","template":"","meta":{"_crdt_document":"","_uag_custom_page_level_css":"","site-sidebar-layout":"default","site-content-layout":"","ast-site-content-layout":"default","site-content-style":"default","site-sidebar-style":"default","ast-global-header-display":"","ast-banner-title-visibility":"","ast-main-header-display":"","ast-hfb-above-header-display":"","ast-hfb-below-header-display":"","ast-hfb-mobile-header-display":"","site-post-title":"","ast-breadcrumbs-content":"","ast-featured-img":"","footer-sml-layout":"","ast-disable-related-posts":"","theme-transparent-header-meta":"","adv-header-id-meta":"","stick-header-meta":"","header-above-stick-meta":"","header-main-stick-meta":"","header-below-stick-meta":"","astra-migrate-meta-layouts":"default","ast-page-background-enabled":"default","ast-page-background-meta":{"desktop":{"background-color":"var(--ast-global-color-5)","background-image":"","background-repeat":"repeat","background-position":"center center","background-size":"auto","background-attachment":"scroll","background-type":"","background-media":"","overlay-type":"","overlay-color":"","overlay-opacity":"","overlay-gradient":""},"tablet":{"background-color":"","background-image":"","background-repeat":"repeat","background-position":"center center","background-size":"auto","background-attachment":"scroll","background-type":"","background-media":"","overlay-type":"","overlay-color":"","overlay-opacity":"","overlay-gradient":""},"mobile":{"background-color":"","background-image":"","background-repeat":"repeat","background-position":"center center","background-size":"auto","background-attachment":"scroll","background-type":"","background-media":"","overlay-type":"","overlay-color":"","overlay-opacity":"","overlay-gradient":""}},"ast-content-background-meta":{"desktop":{"background-color":"var(--ast-global-color-4)","background-image":"","background-repeat":"repeat","background-position":"center center","background-size":"auto","background-attachment":"scroll","background-type":"","background-media":"","overlay-type":"","overlay-color":"","overlay-opacity":"","overlay-gradient":""},"tablet":{"background-color":"var(--ast-global-color-4)","background-image":"","background-repeat":"repeat","background-position":"center center","background-size":"auto","background-attachment":"scroll","background-type":"","background-media":"","overlay-type":"","overlay-color":"","overlay-opacity":"","overlay-gradient":""},"mobile":{"background-color":"var(--ast-global-color-4)","background-image":"","background-repeat":"repeat","background-position":"center center","background-size":"auto","background-attachment":"scroll","background-type":"","background-media":"","overlay-type":"","overlay-color":"","overlay-opacity":"","overlay-gradient":""}},"advanced_seo_description":"","jetpack_seo_html_title":"","jetpack_seo_noindex":false,"footnotes":""},"class_list":["post-151","page","type-page","status-publish","hentry"],"uagb_featured_image_src":{"full":false,"thumbnail":false,"medium":false,"medium_large":false,"large":false,"1536x1536":false,"2048x2048":false,"trp-custom-language-flag":false,"newspack-article-block-landscape-large":false,"newspack-article-block-portrait-large":false,"newspack-article-block-square-large":false,"newspack-article-block-landscape-medium":false,"newspack-article-block-portrait-medium":false,"newspack-article-block-square-medium":false,"newspack-article-block-landscape-intermediate":false,"newspack-article-block-portrait-intermediate":false,"newspack-article-block-square-intermediate":false,"newspack-article-block-landscape-small":false,"newspack-article-block-portrait-small":false,"newspack-article-block-square-small":false,"newspack-article-block-landscape-tiny":false,"newspack-article-block-portrait-tiny":false,"newspack-article-block-square-tiny":false,"newspack-article-block-uncropped":false,"mailpoet_newsletter_max":false,"woocommerce_thumbnail":false,"woocommerce_single":false,"woocommerce_gallery_thumbnail":false},"uagb_author_info":{"display_name":"unijoh","author_link":"https:\/\/lgbt.fo\/en\/author\/unijoh\/"},"uagb_comment_info":0,"uagb_excerpt":"T\u00ed\u00f0irnar eru broyttar \u00ed F\u00f8royum, vit eru farin fr\u00e1 at vera ein \u00f3sj\u00f3nligur og n\u00f3gv \u00f3tta\u00f0ur minnilutab\u00f3lkur, sum alt ov [&hellip;]","jetpack_sharing_enabled":true,"jetpack_shortlink":"https:\/\/wp.me\/Pgp3sg-2r","_links":{"self":[{"href":"https:\/\/lgbt.fo\/en\/wp-json\/wp\/v2\/pages\/151","targetHints":{"allow":["GET"]}}],"collection":[{"href":"https:\/\/lgbt.fo\/en\/wp-json\/wp\/v2\/pages"}],"about":[{"href":"https:\/\/lgbt.fo\/en\/wp-json\/wp\/v2\/types\/page"}],"author":[{"embeddable":true,"href":"https:\/\/lgbt.fo\/en\/wp-json\/wp\/v2\/users\/182137770"}],"replies":[{"embeddable":true,"href":"https:\/\/lgbt.fo\/en\/wp-json\/wp\/v2\/comments?post=151"}],"version-history":[{"count":10,"href":"https:\/\/lgbt.fo\/en\/wp-json\/wp\/v2\/pages\/151\/revisions"}],"predecessor-version":[{"id":3409,"href":"https:\/\/lgbt.fo\/en\/wp-json\/wp\/v2\/pages\/151\/revisions\/3409"}],"wp:attachment":[{"href":"https:\/\/lgbt.fo\/en\/wp-json\/wp\/v2\/media?parent=151"}],"curies":[{"name":"wp","href":"https:\/\/api.w.org\/{rel}","templated":true}]}}